{"id":32189,"date":"2026-02-17T13:09:48","date_gmt":"2026-02-17T12:09:48","guid":{"rendered":"https:\/\/turftank.com\/?page_id=32189"},"modified":"2026-03-10T14:04:56","modified_gmt":"2026-03-10T13:04:56","slug":"field-operations-specialist","status":"publish","type":"page","link":"https:\/\/turftank.com\/da\/karriere\/field-operations-specialist\/","title":{"rendered":"Robot Service Tekniker &#8211; DK"},"content":{"rendered":"<section class=\"l-section wpb_row us_custom_880d3b9c height_medium width_full\"><div class=\"l-section-overlay\" style=\"background:rgba(0,0,0,0.70)\"><\/div><div class=\"l-section-h i-cf\"><div class=\"g-cols via_grid cols_1 laptops-cols_inherit tablets-cols_inherit mobiles-cols_1 valign_top type_default\"><div class=\"wpb_column vc_column_container\"><div class=\"vc_column-inner\"><div class=\"wpb_text_column us_custom_3ba3f6df has_text_color\"><div class=\"wpb_wrapper\"><h1 style=\"text-align: center;\">Robot Service Tekniker<\/h1>\n<h5 style=\"text-align: center;\">Svenstrup, Danmark<br \/>\nFuldtid | Opstart: April 2026<\/h5>\n<\/div><\/div><div class=\"w-btn-wrapper align_center\"><a class=\"w-btn us-btn-style_3\" href=\"#ansoeg\"><span class=\"w-btn-label\">ANS\u00d8G<\/span><\/a><\/div><\/div><\/div><\/div><\/div><\/section><section class=\"l-section wpb_row height_medium\"><div class=\"l-section-h i-cf\"><div class=\"g-cols via_grid cols_1 laptops-cols_inherit tablets-cols_inherit mobiles-cols_1 valign_top type_default\"><div class=\"wpb_column vc_column_container\"><div class=\"vc_column-inner\"><div class=\"wpb_text_column\"><div class=\"wpb_wrapper\"><p><span style=\"font-weight: 400;\">Turf Tank udvider sit serviceteknikerteam, der er ansvarligt for at h\u00e5ndtere robot-h\u00e5ndtering og p\u00e5lidelig support i marken p\u00e5 tv\u00e6rs af vores voksende kundebase.<br \/>\nVi s\u00f8ger en Robot Service Tekniker\/Field Operations Specialist, der skal v\u00e6re Turf Tanks ansigt udadtil i felten &#8211; og h\u00e5ndtere opl\u00e6ring, support og sikre ensartede kundeoplevelser.<br \/>\n<\/span><\/p>\n<\/div><\/div><\/div><\/div><\/div><\/div><\/section><section class=\"l-section wpb_row us_custom_e950ae2e has_text_color height_medium\"><div class=\"l-section-h i-cf\"><div class=\"g-cols via_grid cols_1 laptops-cols_inherit tablets-cols_inherit mobiles-cols_1 valign_top type_default\"><div class=\"wpb_column vc_column_container\"><div class=\"vc_column-inner\"><div class=\"g-cols wpb_row via_grid cols_1 laptops-cols_inherit tablets-cols_inherit mobiles-cols_1 valign_top type_default\"><div class=\"wpb_column vc_column_container\"><div class=\"vc_column-inner\"><div class=\"wpb_text_column\"><div class=\"wpb_wrapper\"><h3 style=\"color: #5bc551;\">Om Turf Tank<\/h3>\n<p><span style=\"font-weight: 400;\">Turf Tank blev grundlagt med en enkel mission: At g\u00f8re livet lettere for baneforvaltere. Markering af sportsbaner\u00a0 var tidligere en tidskr\u00e6vende og uoverskuelig opgave &#8211; det tog adskillige timer at m\u00e5le op, tr\u00e6kke snore og male, og resultatet var sj\u00e6ldent helt som \u00f8nsket.<\/span><span style=\"font-weight: 400;\"><br \/>\n<\/span><span style=\"font-weight: 400;\">Turf Tank udviklede derfor en autonom robot til baneopstregning, der sikrer pr\u00e6cise linjer hver gang og sparer baneforvaltere tid, som de kan bruge p\u00e5 andre opgaver.<\/span><span style=\"font-weight: 400;\"><br \/>\n<\/span><span style=\"font-weight: 400;\"><br \/>\n<\/span><span style=\"font-weight: 400;\">I dag er Turf Tank verdens f\u00f8rende autonome robot til linjemarkering og er betroet af over 6.000 organisationer p\u00e5 globalt plan. Turf Tank har nu mere end 200 ansatte og forts\u00e6tter med at g\u00f8re teknologi tilg\u00e6ngelig for alle via fleksible abonnementsmodeller &#8211; fra lokale sportsforeninger til professionelle sportsklubber.<\/span><\/p>\n<p><span style=\"font-weight: 400;\">Vores mission er stadig den samme: at g\u00f8re livet lettere for baneforvaltere.<\/span><\/p>\n<\/div><\/div><\/div><\/div><\/div><\/div><\/div><\/div><\/div><\/section><section class=\"l-section wpb_row height_medium\"><div class=\"l-section-h i-cf\"><div class=\"g-cols via_grid cols_1 laptops-cols_inherit tablets-cols_inherit mobiles-cols_1 valign_top type_default\"><div class=\"wpb_column vc_column_container\"><div class=\"vc_column-inner\"><div class=\"g-cols wpb_row via_grid cols_2 laptops-cols_inherit tablets-cols_inherit mobiles-cols_1 valign_top type_default\"><div class=\"wpb_column vc_column_container\"><div class=\"vc_column-inner\"><div class=\"wpb_text_column\"><div class=\"wpb_wrapper\"><h3>Din Rolle<\/h3>\n<p><span style=\"font-weight: 400;\">Er du en probleml\u00f8ser, der elsker at v\u00e6re udend\u00f8rs og arbejde med banebrydende teknologi? Som servicetekniker hos Turf Tank er du vores ansigt udadtil. Du vil v\u00e6re ansvarlig for at levere robotopl\u00e6ring af h\u00f8j kvalitet og p\u00e5lidelig support, s\u00e5 du sikrer de bedst mulige betingelser for langsigtet succes for robotterne.\u00a0<\/span><\/p>\n<p><span style=\"font-weight: 400;\">Denne rolle l\u00e6gger v\u00e6gt p\u00e5 pr\u00e6cision, ensartethed og overholdelse af Turf Tanks standarder. Du vil sikre succesfuld robotopl\u00e6ring, ensartede kundeoplevelser og p\u00e5lidelig daglig support under vejledning af vores Field Operations Management.<\/span><\/p>\n<\/div><\/div><div class=\"wpb_text_column\"><div class=\"wpb_wrapper\"><h3>Din Profil<\/h3>\n<ul>\n<li><b>En formidler:<\/b><span style=\"font-weight: 400;\"> Du kan levere klar, struktureret tr\u00e6ning til kunder med en tilpasningsdygtig kommunikationsstil.<\/span><\/li>\n<li><b>Teknisk velfunderet:<\/b><span style=\"font-weight: 400;\"> Du har flair for robotteknologi og software samt en s\u00e6rlig evne til fejlfinding af hardware i marken.<\/span><\/li>\n<li><b>Procesorienteret:<\/b><span style=\"font-weight: 400;\"> Du f\u00f8lger tjeklister og standarder for at sikre, at hver installation er lige s\u00e5 perfekt som den forrige.<\/span><\/li>\n<li><b>Selvst\u00e6ndig:<\/b><span style=\"font-weight: 400;\"> Du forbliver opgavefokuseret, organiseret og lydh\u00f8r, mens du arbejder i marken.<\/span><\/li>\n<li style=\"list-style-type: none;\"><\/li>\n<\/ul>\n<\/div><\/div><\/div><\/div><div class=\"wpb_column vc_column_container\"><div class=\"vc_column-inner\"><div class=\"wpb_text_column\"><div class=\"wpb_wrapper\"><h3>Dine Arbejdsopgaver<\/h3>\n<ul>\n<li style=\"font-weight: 400;\" aria-level=\"1\"><b>Robotopl\u00e6ring af nye kunder:<\/b><span style=\"font-weight: 400;\"> St\u00e5 for ops\u00e6tning af robotter p\u00e5 stedet og tr\u00e6ning af brugere. Du f\u00f8lger vores standardiserede processer for at sikre, at hver kunde er tryg, og at hver robot er konfigureret korrekt<\/span><\/li>\n<li style=\"font-weight: 400;\" aria-level=\"1\"><b>Kundesupport:<\/b><span style=\"font-weight: 400;\"> Hj\u00e6lpe vores Robot Support-team i h\u00f8js\u00e6soner med ekstra foresp\u00f8rgsler, s\u00e5 vores kunder altid har en hj\u00e6lpende h\u00e5nd t\u00e6t p\u00e5.<\/span><\/li>\n<li style=\"font-weight: 400;\" aria-level=\"1\"><b>Kvalitetskontrol:<\/b><span style=\"font-weight: 400;\"> Dokumentere dit arbejde omhyggeligt og give feedback til ledelsen for at hj\u00e6lpe os med at forbedre vores tr\u00e6ningsmateriale og onboarding-kvalitet.<\/span><\/li>\n<li style=\"font-weight: 400;\" aria-level=\"1\"><b>R&amp;D-test:<\/b> Du vil v\u00e6re en del af at st\u00f8tte og dokumentere vores pipeline for nye produkter. Dette inkluderer ogs\u00e5 tr\u00e6ning af dine kolleger.<\/li>\n<\/ul>\n<\/div><\/div><\/div><\/div><\/div><\/div><\/div><\/div><\/div><\/section><section class=\"l-section wpb_row us_custom_e950ae2e has_text_color height_medium\"><div class=\"l-section-h i-cf\"><div class=\"g-cols via_grid cols_1 laptops-cols_inherit tablets-cols_inherit mobiles-cols_1 valign_top type_default\"><div class=\"wpb_column vc_column_container\"><div class=\"vc_column-inner\"><div class=\"g-cols wpb_row us_custom_e950ae2e has_text_color via_grid cols_2 laptops-cols_inherit tablets-cols_inherit mobiles-cols_1 valign_top type_default\"><div class=\"wpb_column vc_column_container\"><div class=\"vc_column-inner\"><div class=\"wpb_text_column\"><div class=\"wpb_wrapper\"><h3>Krav<\/h3>\n<ul>\n<li style=\"font-weight: 400;\" aria-level=\"1\"><b>Erfaring:<\/b><span style=\"font-weight: 400;\"> Tidligere baggrund inden for teknisk field service, installation eller undervisningsrelaterede roller.<\/span><\/li>\n<li style=\"font-weight: 400;\" aria-level=\"1\"><b>Rejseaktivitet:<\/b><span style=\"font-weight: 400;\"> Selvom denne stilling ikke kr\u00e6ver v\u00e6sentlig rejseaktivitet med overnatning p\u00e5 nuv\u00e6rende tidspunkt, er fleksibilitet til fremtidige rejser (op til 20%) p\u00e5kr\u00e6vet i takt med, at territoriet udvides.<\/span><\/li>\n<li style=\"font-weight: 400;\" aria-level=\"1\"><b>Mobilitet:<\/b><span style=\"font-weight: 400;\"> Daglig k\u00f8rsel til kunde lokaliteter.<\/span><\/li>\n<li style=\"font-weight: 400;\" aria-level=\"1\"><b>K\u00f8rekort:<\/b><span style=\"font-weight: 400;\"> Skal have og opretholde et gyldigt k\u00f8rekort med en ren straffeattest (trafikalt).<\/span><\/li>\n<li style=\"font-weight: 400;\" aria-level=\"1\"><b>Forsikring:<\/b> Skal kunne opretholde berettigelse til Turf Tanks fl\u00e5deforsikring.<\/li>\n<li aria-level=\"1\"><strong>Sprog:<\/strong> Taler flydende dansk og engelsk<\/li>\n<\/ul>\n<\/div><\/div><\/div><\/div><div class=\"wpb_column vc_column_container\"><div class=\"vc_column-inner\"><div class=\"wpb_text_column\"><div class=\"wpb_wrapper\"><h3>Fysiske Krav<\/h3>\n<ul>\n<li style=\"font-weight: 400;\" aria-level=\"1\"><span style=\"font-weight: 400;\">Evne til at l\u00f8fte op til 23 kg (50 lbs).<\/span><\/li>\n<li style=\"font-weight: 400;\" aria-level=\"1\"><span style=\"font-weight: 400;\">Evne til at udf\u00f8re arbejde st\u00e5ende, foroverb\u00f8jet eller p\u00e5 hug i l\u00e6ngere perioder.<\/span><\/li>\n<li style=\"font-weight: 400;\" aria-level=\"1\"><span style=\"font-weight: 400;\">Komfortabel med at arbejde i forskellige h\u00f8jder (over skulderh\u00f8jde og under kn\u00e6h\u00f8jde).<\/span><\/li>\n<li style=\"font-weight: 400;\" aria-level=\"1\"><span style=\"font-weight: 400;\">Evne til at sidde eller st\u00e5 i 8+ timer efter behov.<\/span><\/li>\n<\/ul>\n<\/div><\/div><\/div><\/div><\/div><\/div><\/div><\/div><\/div><\/section><section class=\"l-section wpb_row height_medium\"><div class=\"l-section-h i-cf\"><div class=\"g-cols via_grid cols_1 laptops-cols_inherit tablets-cols_inherit mobiles-cols_1 valign_top type_default\"><div class=\"wpb_column vc_column_container\"><div class=\"vc_column-inner\"><div class=\"g-cols wpb_row via_grid cols_1 laptops-cols_inherit tablets-cols_inherit mobiles-cols_1 valign_top type_default\" id=\"ansoeg\"><div class=\"wpb_column vc_column_container\"><div class=\"vc_column-inner\"><div class=\"wpb_text_column\"><div class=\"wpb_wrapper\"><h2 style=\"text-align: center;\">S\u00e5dan Ans\u00f8ger Du<\/h2>\n<p style=\"text-align: center;\"><span style=\"font-weight: 400;\">Send din ans\u00f8gning og dit CV til: <\/span><a href=\"mailto:job.row@turftank.com\"><b>job.row@turftank.com<\/b><\/a><\/p>\n<p style=\"text-align: center;\">Stillingen forventes besat start april. Ans\u00f8gninger vurderes l\u00f8bende &#8211; send derfor din ans\u00f8gning hurtigst muligt.<\/p>\n<\/div><\/div><\/div><\/div><\/div><\/div><\/div><\/div><\/div><\/section>\n","protected":false},"excerpt":{"rendered":"Robot Service Tekniker Svenstrup, Danmark Fuldtid | Opstart: April 2026 ANS\u00d8GTurf Tank udvider sit serviceteknikerteam, der er ansvarligt for at h\u00e5ndtere robot-h\u00e5ndtering og p\u00e5lidelig support i marken p\u00e5 tv\u00e6rs af vores voksende kundebase. Vi s\u00f8ger en Robot Service Tekniker\/Field Operations Specialist, der skal v\u00e6re Turf Tanks ansigt udadtil i felten &#8211; og h\u00e5ndtere opl\u00e6ring, support...","protected":false},"author":25,"featured_media":31014,"parent":21039,"menu_order":0,"comment_status":"closed","ping_status":"closed","template":"","meta":{"_acf_changed":false,"footnotes":""},"class_list":["post-32189","page","type-page","status-publish","has-post-thumbnail","hentry"],"acf":[],"yoast_head":"<!-- This site is optimized with the Yoast SEO plugin v27.4 - https:\/\/yoast.com\/product\/yoast-seo-wordpress\/ -->\n<title>Robot Service Tekniker hos Turf Tank<\/title>\n<meta name=\"robots\" content=\"index, follow, max-snippet:-1, max-image-preview:large, max-video-preview:-1\" \/>\n<link rel=\"canonical\" href=\"https:\/\/turftank.com\/da\/karriere\/field-operations-specialist\/\" \/>\n<meta property=\"og:locale\" content=\"da_DK\" \/>\n<meta property=\"og:type\" content=\"article\" \/>\n<meta property=\"og:title\" content=\"Robot Service Tekniker hos Turf Tank\" \/>\n<meta property=\"og:url\" content=\"https:\/\/turftank.com\/da\/karriere\/field-operations-specialist\/\" \/>\n<meta property=\"og:site_name\" content=\"Turf Tank\" \/>\n<meta property=\"article:publisher\" content=\"https:\/\/www.facebook.com\/TurfTank\" \/>\n<meta property=\"article:modified_time\" content=\"2026-03-10T13:04:56+00:00\" \/>\n<meta property=\"og:image\" content=\"https:\/\/turftank.com\/wp-content\/uploads\/2025\/08\/Turf-Tank-DK-HQ-Web.jpg\" \/>\n\t<meta property=\"og:image:width\" content=\"1700\" \/>\n\t<meta property=\"og:image:height\" content=\"956\" \/>\n\t<meta property=\"og:image:type\" content=\"image\/jpeg\" \/>\n<meta name=\"twitter:card\" content=\"summary_large_image\" \/>\n<meta name=\"twitter:site\" content=\"@turf_tank\" \/>\n<meta name=\"twitter:label1\" content=\"Estimeret l\u00e6setid\" \/>\n\t<meta name=\"twitter:data1\" content=\"5 minutter\" \/>\n<script type=\"application\/ld+json\" class=\"yoast-schema-graph\">{\"@context\":\"https:\\\/\\\/schema.org\",\"@graph\":[{\"@type\":\"WebPage\",\"@id\":\"https:\\\/\\\/turftank.com\\\/da\\\/karriere\\\/field-operations-specialist\\\/\",\"url\":\"https:\\\/\\\/turftank.com\\\/da\\\/karriere\\\/field-operations-specialist\\\/\",\"name\":\"Robot Service Tekniker hos Turf Tank\",\"isPartOf\":{\"@id\":\"https:\\\/\\\/turftank.com\\\/us\\\/#website\"},\"primaryImageOfPage\":{\"@id\":\"https:\\\/\\\/turftank.com\\\/da\\\/karriere\\\/field-operations-specialist\\\/#primaryimage\"},\"image\":{\"@id\":\"https:\\\/\\\/turftank.com\\\/da\\\/karriere\\\/field-operations-specialist\\\/#primaryimage\"},\"thumbnailUrl\":\"https:\\\/\\\/turftank.com\\\/wp-content\\\/uploads\\\/2025\\\/08\\\/Turf-Tank-DK-HQ-Web.jpg\",\"datePublished\":\"2026-02-17T12:09:48+00:00\",\"dateModified\":\"2026-03-10T13:04:56+00:00\",\"breadcrumb\":{\"@id\":\"https:\\\/\\\/turftank.com\\\/da\\\/karriere\\\/field-operations-specialist\\\/#breadcrumb\"},\"inLanguage\":\"da-DK\",\"potentialAction\":[{\"@type\":\"ReadAction\",\"target\":[\"https:\\\/\\\/turftank.com\\\/da\\\/karriere\\\/field-operations-specialist\\\/\"]}]},{\"@type\":\"ImageObject\",\"inLanguage\":\"da-DK\",\"@id\":\"https:\\\/\\\/turftank.com\\\/da\\\/karriere\\\/field-operations-specialist\\\/#primaryimage\",\"url\":\"https:\\\/\\\/turftank.com\\\/wp-content\\\/uploads\\\/2025\\\/08\\\/Turf-Tank-DK-HQ-Web.jpg\",\"contentUrl\":\"https:\\\/\\\/turftank.com\\\/wp-content\\\/uploads\\\/2025\\\/08\\\/Turf-Tank-DK-HQ-Web.jpg\",\"width\":1700,\"height\":956},{\"@type\":\"BreadcrumbList\",\"@id\":\"https:\\\/\\\/turftank.com\\\/da\\\/karriere\\\/field-operations-specialist\\\/#breadcrumb\",\"itemListElement\":[{\"@type\":\"ListItem\",\"position\":1,\"name\":\"Home\",\"item\":\"https:\\\/\\\/turftank.com\\\/da\\\/\"},{\"@type\":\"ListItem\",\"position\":2,\"name\":\"Karriere\",\"item\":\"https:\\\/\\\/turftank.com\\\/da\\\/karriere\\\/\"},{\"@type\":\"ListItem\",\"position\":3,\"name\":\"Robot Service Tekniker &#8211; DK\"}]},{\"@type\":\"WebSite\",\"@id\":\"https:\\\/\\\/turftank.com\\\/us\\\/#website\",\"url\":\"https:\\\/\\\/turftank.com\\\/us\\\/\",\"name\":\"Turf Tank\",\"description\":\"\",\"publisher\":{\"@id\":\"https:\\\/\\\/turftank.com\\\/us\\\/#organization\"},\"potentialAction\":[{\"@type\":\"SearchAction\",\"target\":{\"@type\":\"EntryPoint\",\"urlTemplate\":\"https:\\\/\\\/turftank.com\\\/us\\\/?s={search_term_string}\"},\"query-input\":{\"@type\":\"PropertyValueSpecification\",\"valueRequired\":true,\"valueName\":\"search_term_string\"}}],\"inLanguage\":\"da-DK\"},{\"@type\":\"Organization\",\"@id\":\"https:\\\/\\\/turftank.com\\\/us\\\/#organization\",\"name\":\"Turf Tank\",\"url\":\"https:\\\/\\\/turftank.com\\\/us\\\/\",\"logo\":{\"@type\":\"ImageObject\",\"inLanguage\":\"da-DK\",\"@id\":\"https:\\\/\\\/turftank.com\\\/us\\\/#\\\/schema\\\/logo\\\/image\\\/\",\"url\":\"https:\\\/\\\/turftank.com\\\/wp-content\\\/uploads\\\/2021\\\/11\\\/photo.png\",\"contentUrl\":\"https:\\\/\\\/turftank.com\\\/wp-content\\\/uploads\\\/2021\\\/11\\\/photo.png\",\"width\":44,\"height\":44,\"caption\":\"Turf Tank\"},\"image\":{\"@id\":\"https:\\\/\\\/turftank.com\\\/us\\\/#\\\/schema\\\/logo\\\/image\\\/\"},\"sameAs\":[\"https:\\\/\\\/www.facebook.com\\\/TurfTank\",\"https:\\\/\\\/x.com\\\/turf_tank\",\"https:\\\/\\\/www.instagram.com\\\/turftank\\\/\",\"https:\\\/\\\/dk.linkedin.com\\\/company\\\/turf-tank-eu\",\"https:\\\/\\\/www.youtube.com\\\/channel\\\/UCLAgkVAbFfq0FWBCwDL6Bjg\"]}]}<\/script>\n<!-- \/ Yoast SEO plugin. -->","yoast_head_json":{"title":"Robot Service Tekniker hos Turf Tank","robots":{"index":"index","follow":"follow","max-snippet":"max-snippet:-1","max-image-preview":"max-image-preview:large","max-video-preview":"max-video-preview:-1"},"canonical":"https:\/\/turftank.com\/da\/karriere\/field-operations-specialist\/","og_locale":"da_DK","og_type":"article","og_title":"Robot Service Tekniker hos Turf Tank","og_url":"https:\/\/turftank.com\/da\/karriere\/field-operations-specialist\/","og_site_name":"Turf Tank","article_publisher":"https:\/\/www.facebook.com\/TurfTank","article_modified_time":"2026-03-10T13:04:56+00:00","og_image":[{"width":1700,"height":956,"url":"https:\/\/turftank.com\/wp-content\/uploads\/2025\/08\/Turf-Tank-DK-HQ-Web.jpg","type":"image\/jpeg"}],"twitter_card":"summary_large_image","twitter_site":"@turf_tank","twitter_misc":{"Estimeret l\u00e6setid":"5 minutter"},"schema":{"@context":"https:\/\/schema.org","@graph":[{"@type":"WebPage","@id":"https:\/\/turftank.com\/da\/karriere\/field-operations-specialist\/","url":"https:\/\/turftank.com\/da\/karriere\/field-operations-specialist\/","name":"Robot Service Tekniker hos Turf Tank","isPartOf":{"@id":"https:\/\/turftank.com\/us\/#website"},"primaryImageOfPage":{"@id":"https:\/\/turftank.com\/da\/karriere\/field-operations-specialist\/#primaryimage"},"image":{"@id":"https:\/\/turftank.com\/da\/karriere\/field-operations-specialist\/#primaryimage"},"thumbnailUrl":"https:\/\/turftank.com\/wp-content\/uploads\/2025\/08\/Turf-Tank-DK-HQ-Web.jpg","datePublished":"2026-02-17T12:09:48+00:00","dateModified":"2026-03-10T13:04:56+00:00","breadcrumb":{"@id":"https:\/\/turftank.com\/da\/karriere\/field-operations-specialist\/#breadcrumb"},"inLanguage":"da-DK","potentialAction":[{"@type":"ReadAction","target":["https:\/\/turftank.com\/da\/karriere\/field-operations-specialist\/"]}]},{"@type":"ImageObject","inLanguage":"da-DK","@id":"https:\/\/turftank.com\/da\/karriere\/field-operations-specialist\/#primaryimage","url":"https:\/\/turftank.com\/wp-content\/uploads\/2025\/08\/Turf-Tank-DK-HQ-Web.jpg","contentUrl":"https:\/\/turftank.com\/wp-content\/uploads\/2025\/08\/Turf-Tank-DK-HQ-Web.jpg","width":1700,"height":956},{"@type":"BreadcrumbList","@id":"https:\/\/turftank.com\/da\/karriere\/field-operations-specialist\/#breadcrumb","itemListElement":[{"@type":"ListItem","position":1,"name":"Home","item":"https:\/\/turftank.com\/da\/"},{"@type":"ListItem","position":2,"name":"Karriere","item":"https:\/\/turftank.com\/da\/karriere\/"},{"@type":"ListItem","position":3,"name":"Robot Service Tekniker &#8211; DK"}]},{"@type":"WebSite","@id":"https:\/\/turftank.com\/us\/#website","url":"https:\/\/turftank.com\/us\/","name":"Turf Tank","description":"","publisher":{"@id":"https:\/\/turftank.com\/us\/#organization"},"potentialAction":[{"@type":"SearchAction","target":{"@type":"EntryPoint","urlTemplate":"https:\/\/turftank.com\/us\/?s={search_term_string}"},"query-input":{"@type":"PropertyValueSpecification","valueRequired":true,"valueName":"search_term_string"}}],"inLanguage":"da-DK"},{"@type":"Organization","@id":"https:\/\/turftank.com\/us\/#organization","name":"Turf Tank","url":"https:\/\/turftank.com\/us\/","logo":{"@type":"ImageObject","inLanguage":"da-DK","@id":"https:\/\/turftank.com\/us\/#\/schema\/logo\/image\/","url":"https:\/\/turftank.com\/wp-content\/uploads\/2021\/11\/photo.png","contentUrl":"https:\/\/turftank.com\/wp-content\/uploads\/2021\/11\/photo.png","width":44,"height":44,"caption":"Turf Tank"},"image":{"@id":"https:\/\/turftank.com\/us\/#\/schema\/logo\/image\/"},"sameAs":["https:\/\/www.facebook.com\/TurfTank","https:\/\/x.com\/turf_tank","https:\/\/www.instagram.com\/turftank\/","https:\/\/dk.linkedin.com\/company\/turf-tank-eu","https:\/\/www.youtube.com\/channel\/UCLAgkVAbFfq0FWBCwDL6Bjg"]}]}},"_links":{"self":[{"href":"https:\/\/turftank.com\/da\/wp-json\/wp\/v2\/pages\/32189","targetHints":{"allow":["GET"]}}],"collection":[{"href":"https:\/\/turftank.com\/da\/wp-json\/wp\/v2\/pages"}],"about":[{"href":"https:\/\/turftank.com\/da\/wp-json\/wp\/v2\/types\/page"}],"author":[{"embeddable":true,"href":"https:\/\/turftank.com\/da\/wp-json\/wp\/v2\/users\/25"}],"replies":[{"embeddable":true,"href":"https:\/\/turftank.com\/da\/wp-json\/wp\/v2\/comments?post=32189"}],"version-history":[{"count":0,"href":"https:\/\/turftank.com\/da\/wp-json\/wp\/v2\/pages\/32189\/revisions"}],"up":[{"embeddable":true,"href":"https:\/\/turftank.com\/da\/wp-json\/wp\/v2\/pages\/21039"}],"wp:featuredmedia":[{"embeddable":true,"href":"https:\/\/turftank.com\/da\/wp-json\/wp\/v2\/media\/31014"}],"wp:attachment":[{"href":"https:\/\/turftank.com\/da\/wp-json\/wp\/v2\/media?parent=32189"}],"curies":[{"name":"wp","href":"https:\/\/api.w.org\/{rel}","templated":true}]}}