{"id":16678,"date":"2022-06-12T11:15:49","date_gmt":"2022-06-12T09:15:49","guid":{"rendered":"https:\/\/turftank.com\/kontakt\/"},"modified":"2026-02-04T13:00:30","modified_gmt":"2026-02-04T12:00:30","slug":"kontakt","status":"publish","type":"page","link":"https:\/\/turftank.com\/de\/kontakt\/","title":{"rendered":"Kontakt"},"content":{"rendered":"<section class=\"l-section wpb_row us_custom_91a06cac has_text_color height_medium\"><div class=\"l-section-overlay\" style=\"background:rgba(0,0,0,0.45)\"><\/div><div class=\"l-section-h i-cf\"><div class=\"g-cols via_grid cols_1 laptops-cols_inherit tablets-cols_inherit mobiles-cols_1 valign_top type_default\"><div class=\"wpb_column vc_column_container\"><div class=\"vc_column-inner\"><div class=\"wpb_text_column\"><div class=\"wpb_wrapper\"><h6 style=\"text-align: center;\">Sie haben eine Frage?<\/h6>\n<\/div><\/div>[vc_custom_heading text=&#8220;TURF TANK KONTAKTIEREN&#8220; font_container=&#8220;tag:h1|text_align:center|color:%23ffffff&#8220; use_theme_fonts=&#8220;yes&#8220;]<div class=\"wpb_text_column\"><div class=\"wpb_wrapper\"><p style=\"text-align: center;\">Wir sind hier, um alle Ihre Fragen zu beantworten. Wir freuen uns darauf, von Ihnen zu h\u00f6ren.<\/p>\n<\/div><\/div><\/div><\/div><\/div><\/div><\/section><section class=\"l-section wpb_row height_medium\"><div class=\"l-section-h i-cf\"><div class=\"g-cols via_grid cols_2 laptops-cols_inherit tablets-cols_inherit mobiles-cols_1 valign_top type_default\" style=\"grid-gap:calc(3rem + 10px);\"><div class=\"wpb_column vc_column_container\"><div class=\"vc_column-inner\"><div class=\"wpb_text_column\"><div class=\"wpb_wrapper\"><h3>Kontaktinformationen<\/h3>\n<\/div><\/div><div class=\"w-separator size_small\"><\/div><div class=\"w-iconbox iconpos_left style_circle color_primary align_left no_text\"><div class=\"w-iconbox-icon\" style=\"font-size:22px;\"><i class=\"far fa-map-marker-alt\"><\/i><\/div><div class=\"w-iconbox-meta\"><div class=\"w-iconbox-title\">Skjoldet 20, 9230 Svenstrup J, D\u00e4nemark<\/div><\/div><\/div><div class=\"w-separator size_medium\"><\/div><div class=\"wpb_text_column\"><div class=\"wpb_wrapper\"><h6>Allgemeiner Kontakt<\/h6>\n<\/div><\/div><div class=\"w-iconbox us_custom_3090c82c iconpos_left style_circle color_primary align_left no_text\"><a href=\"tel:+49 201 49869599\" class=\"w-iconbox-link\" aria-label=\"+49 201 49869599\"><div class=\"w-iconbox-icon\" style=\"font-size:22px;\"><i class=\"far fa-phone\"><\/i><\/div><\/a><div class=\"w-iconbox-meta\"><a href=\"tel:+49 201 49869599\" class=\"w-iconbox-link\" aria-label=\"+49 201 49869599\"><div class=\"w-iconbox-title\">+49 201 49869599<\/div><\/a><\/div><\/div><div class=\"w-iconbox iconpos_left style_circle color_primary align_left no_text\"><a href=\"mailto:info@turftank.com\" class=\"w-iconbox-link\" aria-label=\"info@turftank.com\"><div class=\"w-iconbox-icon\" style=\"font-size:22px;\"><i class=\"far fa-envelope\"><\/i><\/div><\/a><div class=\"w-iconbox-meta\"><a href=\"mailto:info@turftank.com\" class=\"w-iconbox-link\" aria-label=\"info@turftank.com\"><div class=\"w-iconbox-title\">info@turftank.com<\/div><\/a><\/div><\/div><div class=\"w-separator size_medium\"><\/div><div class=\"wpb_text_column\"><div class=\"wpb_wrapper\"><h6>Unterst\u00fctzung<\/h6>\n<\/div><\/div><div class=\"w-iconbox us_custom_3090c82c iconpos_left style_circle color_primary align_left no_text\"><a href=\"tel:+49 201 49869599\" class=\"w-iconbox-link\" aria-label=\"+49 201 49869599\"><div class=\"w-iconbox-icon\" style=\"font-size:22px;\"><i class=\"far fa-phone\"><\/i><\/div><\/a><div class=\"w-iconbox-meta\"><a href=\"tel:+49 201 49869599\" class=\"w-iconbox-link\" aria-label=\"+49 201 49869599\"><div class=\"w-iconbox-title\">+49 201 49869599<\/div><\/a><\/div><\/div><div class=\"w-iconbox iconpos_left style_circle color_primary align_left no_text\"><a href=\"mailto:support.row@turftank.com\" class=\"w-iconbox-link\" aria-label=\"support.row@turftank.com\"><div class=\"w-iconbox-icon\" style=\"font-size:22px;\"><i class=\"far fa-envelope\"><\/i><\/div><\/a><div class=\"w-iconbox-meta\"><a href=\"mailto:support.row@turftank.com\" class=\"w-iconbox-link\" aria-label=\"support.row@turftank.com\"><div class=\"w-iconbox-title\">support.row@turftank.com<\/div><\/a><\/div><\/div><div class=\"w-separator size_small\"><\/div><div class=\"w-separator size_medium\"><\/div><div class=\"wpb_text_column\"><div class=\"wpb_wrapper\"><h3>Soziale Medien<\/h3>\n<\/div><\/div><div class=\"w-socials us_custom_c96a8a09 color_link shape_rounded style_solid hover_fade\" style=\"--gap:0.1em;\"><div class=\"w-socials-list\"><div class=\"w-socials-item facebook\"><a class=\"w-socials-item-link\" href=\"https:\/\/www.facebook.com\/TurfTank\" target=\"_blank\" rel=\"noopener nofollow\" title=\"Facebook\" aria-label=\"Facebook\"><span class=\"w-socials-item-link-hover\"><\/span><i class=\"fab fa-facebook\"><\/i><\/a><div class=\"w-socials-item-popup\"><span>Facebook<\/span><\/div><\/div><div class=\"w-socials-item custom\"><a class=\"w-socials-item-link\" href=\"https:\/\/twitter.com\/Turf_Tank\" target=\"_blank\" rel=\"noopener nofollow\" title=\"Twitter\" aria-label=\"Twitter\"><span class=\"w-socials-item-link-hover\" style=\"background:#14171A;\"><\/span><i class=\"fab fa-x-twitter\"><\/i><\/a><div class=\"w-socials-item-popup\"><span>Twitter<\/span><\/div><\/div><div class=\"w-socials-item instagram\"><a class=\"w-socials-item-link\" href=\"https:\/\/www.instagram.com\/turftank\/\" target=\"_blank\" rel=\"noopener nofollow\" title=\"Instagram\" aria-label=\"Instagram\"><span class=\"w-socials-item-link-hover\"><\/span><i class=\"fab fa-instagram\"><\/i><\/a><div class=\"w-socials-item-popup\"><span>Instagram<\/span><\/div><\/div><div class=\"w-socials-item youtube\"><a class=\"w-socials-item-link\" href=\"https:\/\/www.youtube.com\/channel\/UCLAgkVAbFfq0FWBCwDL6Bjg\" target=\"_blank\" rel=\"noopener nofollow\" title=\"YouTube\" aria-label=\"YouTube\"><span class=\"w-socials-item-link-hover\"><\/span><i class=\"fab fa-youtube\"><\/i><\/a><div class=\"w-socials-item-popup\"><span>YouTube<\/span><\/div><\/div><div class=\"w-socials-item linkedin\"><a class=\"w-socials-item-link\" href=\"http:\/\/linkedin.com\/company\/turf-tank-eu\" target=\"_blank\" rel=\"noopener nofollow\" title=\"LinkedIn\" aria-label=\"LinkedIn\"><span class=\"w-socials-item-link-hover\"><\/span><i class=\"fab fa-linkedin\"><\/i><\/a><div class=\"w-socials-item-popup\"><span>LinkedIn<\/span><\/div><\/div><\/div><\/div><\/div><\/div><div class=\"wpb_column vc_column_container\"><div class=\"vc_column-inner\"><div class=\"wpb_text_column\"><div class=\"wpb_wrapper\"><h3>Wie k\u00f6nnen wir helfen?<\/h3>\n<\/div><\/div><div class=\"w-separator size_small\"><\/div><div class=\"wpb_text_column\"><div class=\"wpb_wrapper\"><h5><strong><a href=\"https:\/\/turftank.com\/de\/eine-demo-buchen\/\">Buchen Sie eine Demo<\/a><\/strong><\/h5>\n<p>M\u00f6chten Sie den Turf Tank ONE in Aktion sehen?<\/p>\n<\/div><\/div>[vc_separator]<div class=\"w-separator size_small\"><\/div><div class=\"wpb_text_column\"><div class=\"wpb_wrapper\"><h5><strong><a href=\"https:\/\/turftank.com\/de\/angebot-anfordern\/\">Angebot anfordern<\/a><\/strong><\/h5>\n<p>Sind Sie daran interessiert, Ihre Linienmarkierungsverfahren zu verbessern? Nehmen Sie Kontakt mit unserem Vertriebsteam auf.<\/p>\n<\/div><\/div>[vc_separator]<div class=\"w-separator size_small\"><\/div><div class=\"wpb_text_column\"><div class=\"wpb_wrapper\"><h5><strong><a href=\"https:\/\/turftank.com\/de\/offene-stellen\/\">Wollen Sie Teil unseres Teams werden?<\/a><\/strong><\/h5>\n<p>Sind Sie daran interessiert, die Markierungsindustrie zu revolutionieren? Pr\u00fcfen Sie unsere Stellenangebote.<\/p>\n<\/div><\/div>[vc_separator]<\/div><\/div><\/div><\/div><\/section><section class=\"l-section wpb_row height_medium\"><div class=\"l-section-overlay\" style=\"background:var(--color-content-bg-alt)\"><\/div><div class=\"l-section-h i-cf\"><div class=\"g-cols via_grid cols_2 laptops-cols_inherit tablets-cols_inherit mobiles-cols_1 valign_middle type_boxes\" style=\"grid-gap:0rem;\"><div class=\"wpb_column vc_column_container\"><div class=\"vc_column-inner\">[vc_custom_heading text=&#8220;WIR SIND AUCH HIER&#8220; use_theme_fonts=&#8220;yes&#8220;]<\/div><\/div><div class=\"wpb_column vc_column_container\"><div class=\"vc_column-inner\"><div class=\"wpb_text_column\"><div class=\"wpb_wrapper\"><h4><strong>Turf Tank HQ USA<\/strong><\/h4>\n<p>1110 Allgood Industrial Ct, Marietta, GA 30066, USA<br \/>\nE-Mail: <a href=\"mailto:info@turftank.com\">info@turftank.com<\/a><br \/>\nTelefon: <a href=\"tel:+1 877-396-4094\">+1 877-396-4094<\/a><\/p>\n<\/div><\/div><\/div><\/div><\/div><\/div><\/section>\n","protected":false},"excerpt":{"rendered":"Sie haben eine Frage? [vc_custom_heading text=\"TURF TANK KONTAKTIEREN\" font_container=\"tag:h1|text_align:center|color:%23ffffff\" use_theme_fonts=\"yes\"]Wir sind hier, um alle Ihre Fragen zu beantworten. Wir freuen uns darauf, von Ihnen zu h\u00f6ren. Kontaktinformationen Skjoldet 20, 9230 Svenstrup J, D\u00e4nemarkAllgemeiner Kontakt +49 201 49869599info@turftank.comUnterst\u00fctzung +49 201 49869599support.row@turftank.comSoziale Medien FacebookTwitterInstagramYouTubeLinkedInWie k\u00f6nnen wir helfen? Buchen Sie eine Demo M\u00f6chten Sie den Turf Tank ONE...","protected":false},"author":14,"featured_media":0,"parent":0,"menu_order":0,"comment_status":"closed","ping_status":"closed","template":"","meta":{"_acf_changed":false,"footnotes":""},"class_list":["post-16678","page","type-page","status-publish","hentry"],"acf":[],"yoast_head":"<!-- This site is optimized with the Yoast SEO plugin v27.2 - https:\/\/yoast.com\/product\/yoast-seo-wordpress\/ -->\n<title>M\u00f6chten Sie mit uns Kontakt aufnehmen? - Kontaktieren Sie uns<\/title>\n<meta name=\"description\" content=\"Wenn Sie Fragen zu Sportplatzanstrichen oder Linienmarkierungen haben, sind wir f\u00fcr Sie da. Kontaktieren Sie Turf Tank noch heute f\u00fcr Ihre Anfragen.\" \/>\n<meta name=\"robots\" content=\"index, follow, max-snippet:-1, max-image-preview:large, max-video-preview:-1\" \/>\n<link rel=\"canonical\" href=\"https:\/\/turftank.com\/de\/kontakt\/\" \/>\n<meta property=\"og:locale\" content=\"de_DE\" \/>\n<meta property=\"og:type\" content=\"article\" \/>\n<meta property=\"og:title\" content=\"M\u00f6chten Sie mit uns Kontakt aufnehmen? - Kontaktieren Sie uns\" \/>\n<meta property=\"og:description\" content=\"Wenn Sie Fragen zu Sportplatzanstrichen oder Linienmarkierungen haben, sind wir f\u00fcr Sie da. Kontaktieren Sie Turf Tank noch heute f\u00fcr Ihre Anfragen.\" \/>\n<meta property=\"og:url\" content=\"https:\/\/turftank.com\/de\/kontakt\/\" \/>\n<meta property=\"og:site_name\" content=\"Turf Tank\" \/>\n<meta property=\"article:publisher\" content=\"https:\/\/www.facebook.com\/TurfTank\" \/>\n<meta property=\"article:modified_time\" content=\"2026-02-04T12:00:30+00:00\" \/>\n<meta name=\"twitter:card\" content=\"summary_large_image\" \/>\n<meta name=\"twitter:site\" content=\"@turf_tank\" \/>\n<meta name=\"twitter:label1\" content=\"Gesch\u00e4tzte Lesezeit\" \/>\n\t<meta name=\"twitter:data1\" content=\"1 Minute\" \/>\n<script type=\"application\/ld+json\" class=\"yoast-schema-graph\">{\"@context\":\"https:\/\/schema.org\",\"@graph\":[{\"@type\":\"WebPage\",\"@id\":\"https:\/\/turftank.com\/de\/kontakt\/\",\"url\":\"https:\/\/turftank.com\/de\/kontakt\/\",\"name\":\"M\u00f6chten Sie mit uns Kontakt aufnehmen? - Kontaktieren Sie uns\",\"isPartOf\":{\"@id\":\"https:\/\/turftank.com\/us\/#website\"},\"datePublished\":\"2022-06-12T09:15:49+00:00\",\"dateModified\":\"2026-02-04T12:00:30+00:00\",\"description\":\"Wenn Sie Fragen zu Sportplatzanstrichen oder Linienmarkierungen haben, sind wir f\u00fcr Sie da. Kontaktieren Sie Turf Tank noch heute f\u00fcr Ihre Anfragen.\",\"breadcrumb\":{\"@id\":\"https:\/\/turftank.com\/de\/kontakt\/#breadcrumb\"},\"inLanguage\":\"de-DE\",\"potentialAction\":[{\"@type\":\"ReadAction\",\"target\":[\"https:\/\/turftank.com\/de\/kontakt\/\"]}]},{\"@type\":\"BreadcrumbList\",\"@id\":\"https:\/\/turftank.com\/de\/kontakt\/#breadcrumb\",\"itemListElement\":[{\"@type\":\"ListItem\",\"position\":1,\"name\":\"Home\",\"item\":\"https:\/\/turftank.com\/de\/\"},{\"@type\":\"ListItem\",\"position\":2,\"name\":\"Kontakt\"}]},{\"@type\":\"WebSite\",\"@id\":\"https:\/\/turftank.com\/us\/#website\",\"url\":\"https:\/\/turftank.com\/us\/\",\"name\":\"Turf Tank\",\"description\":\"\",\"publisher\":{\"@id\":\"https:\/\/turftank.com\/us\/#organization\"},\"potentialAction\":[{\"@type\":\"SearchAction\",\"target\":{\"@type\":\"EntryPoint\",\"urlTemplate\":\"https:\/\/turftank.com\/us\/?s={search_term_string}\"},\"query-input\":{\"@type\":\"PropertyValueSpecification\",\"valueRequired\":true,\"valueName\":\"search_term_string\"}}],\"inLanguage\":\"de-DE\"},{\"@type\":\"Organization\",\"@id\":\"https:\/\/turftank.com\/us\/#organization\",\"name\":\"Turf Tank\",\"url\":\"https:\/\/turftank.com\/us\/\",\"logo\":{\"@type\":\"ImageObject\",\"inLanguage\":\"de-DE\",\"@id\":\"https:\/\/turftank.com\/us\/#\/schema\/logo\/image\/\",\"url\":\"https:\/\/turftank.com\/wp-content\/uploads\/2021\/11\/photo.png\",\"contentUrl\":\"https:\/\/turftank.com\/wp-content\/uploads\/2021\/11\/photo.png\",\"width\":44,\"height\":44,\"caption\":\"Turf Tank\"},\"image\":{\"@id\":\"https:\/\/turftank.com\/us\/#\/schema\/logo\/image\/\"},\"sameAs\":[\"https:\/\/www.facebook.com\/TurfTank\",\"https:\/\/x.com\/turf_tank\",\"https:\/\/www.instagram.com\/turftank\/\",\"https:\/\/dk.linkedin.com\/company\/turf-tank-eu\",\"https:\/\/www.youtube.com\/channel\/UCLAgkVAbFfq0FWBCwDL6Bjg\"]}]}<\/script>\n<!-- \/ Yoast SEO plugin. -->","yoast_head_json":{"title":"M\u00f6chten Sie mit uns Kontakt aufnehmen? - Kontaktieren Sie uns","description":"Wenn Sie Fragen zu Sportplatzanstrichen oder Linienmarkierungen haben, sind wir f\u00fcr Sie da. Kontaktieren Sie Turf Tank noch heute f\u00fcr Ihre Anfragen.","robots":{"index":"index","follow":"follow","max-snippet":"max-snippet:-1","max-image-preview":"max-image-preview:large","max-video-preview":"max-video-preview:-1"},"canonical":"https:\/\/turftank.com\/de\/kontakt\/","og_locale":"de_DE","og_type":"article","og_title":"M\u00f6chten Sie mit uns Kontakt aufnehmen? - Kontaktieren Sie uns","og_description":"Wenn Sie Fragen zu Sportplatzanstrichen oder Linienmarkierungen haben, sind wir f\u00fcr Sie da. Kontaktieren Sie Turf Tank noch heute f\u00fcr Ihre Anfragen.","og_url":"https:\/\/turftank.com\/de\/kontakt\/","og_site_name":"Turf Tank","article_publisher":"https:\/\/www.facebook.com\/TurfTank","article_modified_time":"2026-02-04T12:00:30+00:00","twitter_card":"summary_large_image","twitter_site":"@turf_tank","twitter_misc":{"Gesch\u00e4tzte Lesezeit":"1 Minute"},"schema":{"@context":"https:\/\/schema.org","@graph":[{"@type":"WebPage","@id":"https:\/\/turftank.com\/de\/kontakt\/","url":"https:\/\/turftank.com\/de\/kontakt\/","name":"M\u00f6chten Sie mit uns Kontakt aufnehmen? - Kontaktieren Sie uns","isPartOf":{"@id":"https:\/\/turftank.com\/us\/#website"},"datePublished":"2022-06-12T09:15:49+00:00","dateModified":"2026-02-04T12:00:30+00:00","description":"Wenn Sie Fragen zu Sportplatzanstrichen oder Linienmarkierungen haben, sind wir f\u00fcr Sie da. Kontaktieren Sie Turf Tank noch heute f\u00fcr Ihre Anfragen.","breadcrumb":{"@id":"https:\/\/turftank.com\/de\/kontakt\/#breadcrumb"},"inLanguage":"de-DE","potentialAction":[{"@type":"ReadAction","target":["https:\/\/turftank.com\/de\/kontakt\/"]}]},{"@type":"BreadcrumbList","@id":"https:\/\/turftank.com\/de\/kontakt\/#breadcrumb","itemListElement":[{"@type":"ListItem","position":1,"name":"Home","item":"https:\/\/turftank.com\/de\/"},{"@type":"ListItem","position":2,"name":"Kontakt"}]},{"@type":"WebSite","@id":"https:\/\/turftank.com\/us\/#website","url":"https:\/\/turftank.com\/us\/","name":"Turf Tank","description":"","publisher":{"@id":"https:\/\/turftank.com\/us\/#organization"},"potentialAction":[{"@type":"SearchAction","target":{"@type":"EntryPoint","urlTemplate":"https:\/\/turftank.com\/us\/?s={search_term_string}"},"query-input":{"@type":"PropertyValueSpecification","valueRequired":true,"valueName":"search_term_string"}}],"inLanguage":"de-DE"},{"@type":"Organization","@id":"https:\/\/turftank.com\/us\/#organization","name":"Turf Tank","url":"https:\/\/turftank.com\/us\/","logo":{"@type":"ImageObject","inLanguage":"de-DE","@id":"https:\/\/turftank.com\/us\/#\/schema\/logo\/image\/","url":"https:\/\/turftank.com\/wp-content\/uploads\/2021\/11\/photo.png","contentUrl":"https:\/\/turftank.com\/wp-content\/uploads\/2021\/11\/photo.png","width":44,"height":44,"caption":"Turf Tank"},"image":{"@id":"https:\/\/turftank.com\/us\/#\/schema\/logo\/image\/"},"sameAs":["https:\/\/www.facebook.com\/TurfTank","https:\/\/x.com\/turf_tank","https:\/\/www.instagram.com\/turftank\/","https:\/\/dk.linkedin.com\/company\/turf-tank-eu","https:\/\/www.youtube.com\/channel\/UCLAgkVAbFfq0FWBCwDL6Bjg"]}]}},"_links":{"self":[{"href":"https:\/\/turftank.com\/de\/wp-json\/wp\/v2\/pages\/16678","targetHints":{"allow":["GET"]}}],"collection":[{"href":"https:\/\/turftank.com\/de\/wp-json\/wp\/v2\/pages"}],"about":[{"href":"https:\/\/turftank.com\/de\/wp-json\/wp\/v2\/types\/page"}],"author":[{"embeddable":true,"href":"https:\/\/turftank.com\/de\/wp-json\/wp\/v2\/users\/14"}],"replies":[{"embeddable":true,"href":"https:\/\/turftank.com\/de\/wp-json\/wp\/v2\/comments?post=16678"}],"version-history":[{"count":0,"href":"https:\/\/turftank.com\/de\/wp-json\/wp\/v2\/pages\/16678\/revisions"}],"wp:attachment":[{"href":"https:\/\/turftank.com\/de\/wp-json\/wp\/v2\/media?parent=16678"}],"curies":[{"name":"wp","href":"https:\/\/api.w.org\/{rel}","templated":true}]}}