{"id":16714,"date":"2022-06-12T11:17:45","date_gmt":"2022-06-12T09:17:45","guid":{"rendered":"https:\/\/turftank.com\/linienmarkierung-auf-kunstrasen\/"},"modified":"2023-01-31T12:59:01","modified_gmt":"2023-01-31T11:59:01","slug":"linienmarkierung-auf-kunstrasen","status":"publish","type":"page","link":"https:\/\/turftank.com\/de\/linienmarkierung-auf-kunstrasen\/","title":{"rendered":"Linienmarkierung auf Kunstrasen"},"content":{"rendered":"<section class=\"l-section wpb_row us_custom_8fbfb5f7 height_medium\"><div class=\"l-section-overlay\" style=\"background:rgba(0,0,0,0.70)\"><\/div><div class=\"l-section-h i-cf\"><div class=\"g-cols via_grid cols_1 laptops-cols_inherit tablets-cols_inherit mobiles-cols_1 valign_top type_default\"><div class=\"wpb_column vc_column_container\"><div class=\"vc_column-inner\"><div class=\"w-separator size_huge\"><\/div><div class=\"wpb_text_column\"><div class=\"wpb_wrapper\"><h1 style=\"text-align: center;\">LINIENMARKIERUNG AUF KUNSTRASEN<\/h1>\n<\/div><\/div><div class=\"wpb_text_column us_custom_6df4bc3a has_text_color\"><div class=\"wpb_wrapper\"><p style=\"text-align: center;\"><em>PERFEKTER RASEN &#8211; <strong>KEIN<\/strong> DURCHEINANDER<\/em><\/p>\n<\/div><\/div><div class=\"w-separator size_medium\"><\/div><div class=\"wpb_text_column us_custom_17d1334e has_text_color us_animate_this\"><div class=\"wpb_wrapper\"><p style=\"text-align: center;\">Turf Tank ist die ultimative L\u00f6sung zur Markierung eines Kunstrasens, die das Durcheinander der vielseitig einsetzbaren permanenten Markierungen beseitigt. Markiere nur das Layout, das du gerade brauchst, und halte den Rasen mit immer frisch aussehenden Linien sauber.<\/p>\n<\/div><\/div><div class=\"w-separator size_huge\"><\/div><\/div><\/div><\/div><\/div><\/section><section class=\"l-section wpb_row us_custom_60e9caca us_animate_this height_medium\"><div class=\"l-section-h i-cf\"><div class=\"g-cols via_grid cols_2 laptops-cols_inherit tablets-cols_inherit mobiles-cols_1 valign_top type_default\"><div class=\"wpb_column vc_column_container\"><div class=\"vc_column-inner\"><div class=\"wpb_text_column\"><div class=\"wpb_wrapper\"><h2 style=\"text-align: left;\">GELD SPAREN UND DIE QUALIT\u00c4T DEINES RASENS VERBESSERN<\/h2>\n<p>Kunstrasen ist eine gro\u00dfe Investition mit hohen Vorlaufkosten, die noch weiter steigen, wenn du dich f\u00fcr eingebettete Markierungen entscheidest. Der Einsatz eines Linienmarkierungsroboters erleichtert die Verlegung, reduziert den Abfall und verleiht dem Spielfeld ein tadelloses Aussehen.<\/p>\n<\/div><\/div><\/div><\/div><div class=\"wpb_column vc_column_container\"><div class=\"vc_column-inner\"><div class=\"wpb_text_column\"><div class=\"wpb_wrapper\"><div style=\"width: 1360px;\" class=\"wp-video\"><video class=\"wp-video-shortcode\" id=\"video-16714-1\" width=\"1360\" height=\"765\" loop autoplay preload=\"metadata\" controls=\"controls\"><source type=\"video\/mp4\" src=\"https:\/\/turftank.com\/wp-content\/uploads\/2022\/03\/turfpage-2-1.mp4?_=1\" \/><a href=\"https:\/\/turftank.com\/wp-content\/uploads\/2022\/03\/turfpage-2-1.mp4\">https:\/\/turftank.com\/wp-content\/uploads\/2022\/03\/turfpage-2-1.mp4<\/a><\/video><\/div>\n<\/div><\/div><\/div><\/div><\/div><\/div><\/section><section class=\"l-section wpb_row bit-narrow height_medium\"><div class=\"l-section-h i-cf\"><div class=\"g-cols via_grid cols_2 laptops-cols_inherit tablets-cols_inherit mobiles-cols_1 valign_top type_default\" style=\"grid-gap:0;\"><div class=\"wpb_column vc_column_container us_custom_63daff8e us_animate_this\"><div class=\"vc_column-inner\"><div class=\"wpb_text_column us_custom_2a086e49 has_text_color\"><div class=\"wpb_wrapper\"><p style=\"text-align: center;\">EINGEBETTETE MARKIERUNGEN<\/p>\n<\/div><\/div><div class=\"w-separator size_custom\" style=\"height:15px\"><\/div>[vc_separator]<div class=\"w-separator size_small\"><\/div><div class=\"w-iconbox iconpos_left style_default color_custom align_left no_text\"><div class=\"w-iconbox-icon\" style=\"font-size:1rem;color:#999999;\"><\/div><div class=\"w-iconbox-meta\"><div class=\"w-iconbox-title\">Hohe Vorlaufkosten f\u00fcr Material und Arbeit<\/div><\/div><\/div><div class=\"w-separator size_medium\"><\/div>[vc_separator]<div class=\"w-separator size_small\"><\/div><div class=\"w-iconbox iconpos_left style_default color_custom align_left no_text\"><div class=\"w-iconbox-icon\" style=\"font-size:1rem;color:#999999;\"><\/div><div class=\"w-iconbox-meta\"><div class=\"w-iconbox-title\">Un\u00fcbersichtliches Feld mit verschiedenfarbigen Linien zur Mehrfachnutzung<\/div><\/div><\/div><div class=\"w-separator size_small\"><\/div>[vc_separator]<div class=\"w-separator size_small\"><\/div><div class=\"w-iconbox iconpos_left style_default color_custom align_left no_title\"><div class=\"w-iconbox-icon\" style=\"font-size:1rem;color:#999999;\"><\/div><div class=\"w-iconbox-meta\"><div class=\"w-iconbox-text\"><p>Manuelle Messungen, die mit menschlichen Fehlern behaftet sind, k\u00f6nnen bereits bei der Installation zu einem dauerhaft krummen Feld f\u00fchren.<\/p>\n<\/div><\/div><\/div><div class=\"w-separator size_small\"><\/div>[vc_separator]<div class=\"w-separator size_small\"><\/div><div class=\"w-iconbox iconpos_left style_default color_custom align_left no_text\"><div class=\"w-iconbox-icon\" style=\"font-size:1rem;color:#999999;\"><\/div><div class=\"w-iconbox-meta\"><div class=\"w-iconbox-title\">Potenzielle Rissgefahr an den Stellen, an denen die Linien eingeschnitten sind. M\u00fcssen h\u00e4ufiger ausgetauscht werden<\/div><\/div><\/div><div class=\"w-separator size_medium\"><\/div>[vc_separator]<div class=\"w-separator size_small\"><\/div><div class=\"w-iconbox iconpos_left style_default color_custom align_left no_text\"><div class=\"w-iconbox-icon\" style=\"font-size:1rem;color:#999999;\"><\/div><div class=\"w-iconbox-meta\"><div class=\"w-iconbox-title\">Vielleicht sind die N\u00e4hpunkte zwischen den farbigen Linien und dem Rest des gr\u00fcnen Rasens sichtbar<\/div><\/div><\/div><div class=\"w-separator size_small\"><\/div><\/div><\/div><div class=\"wpb_column vc_column_container us_custom_f9804877 us_animate_this has_bg_color\"><div class=\"vc_column-inner\"><div class=\"wpb_text_column us_custom_b0777caf has_text_color\"><div class=\"wpb_wrapper\"><p style=\"text-align: center;\">MARKIEREN MIT TURF TANK<\/p>\n<\/div><\/div>[vc_separator color=&#8220;white&#8220;]<div class=\"w-separator size_small\"><\/div><div class=\"w-iconbox iconpos_left style_default color_primary align_left no_text\"><div class=\"w-iconbox-icon\" style=\"font-size:1rem;\"><\/div><div class=\"w-iconbox-meta\"><div class=\"w-iconbox-title\">Keine Arbeit erforderlich &#8211; 2 Minuten f\u00fcr die Einrichtung und der Roboter markiert ganz alleine<\/div><\/div><\/div><div class=\"w-separator size_small\"><\/div>[vc_separator color=&#8220;white&#8220;]<div class=\"w-separator size_small\"><\/div><div class=\"w-iconbox iconpos_left style_default color_primary align_left no_text\"><div class=\"w-iconbox-icon\" style=\"font-size:1rem;\"><\/div><div class=\"w-iconbox-meta\"><div class=\"w-iconbox-title\">Sauberes Feld &#8211; nur ein Sportlayout zu jeder Zeit<\/div><\/div><\/div><div class=\"w-separator size_small\"><\/div>[vc_separator color=&#8220;white&#8220;]<div class=\"w-separator size_small\"><\/div><div class=\"w-iconbox iconpos_left style_default color_primary align_left no_text\"><div class=\"w-iconbox-icon\" style=\"font-size:1rem;\"><\/div><div class=\"w-iconbox-meta\"><div class=\"w-iconbox-title\">Perfekte Linien jederzeit dank GPS-Technologie<\/div><\/div><\/div><div class=\"w-separator size_medium\"><\/div>[vc_separator color=&#8220;white&#8220;]<div class=\"w-separator size_small\"><\/div><div class=\"w-iconbox iconpos_left style_default color_primary align_left no_text\"><div class=\"w-iconbox-icon\" style=\"font-size:1rem;\"><\/div><div class=\"w-iconbox-meta\"><div class=\"w-iconbox-title\">L\u00e4ngere Lebensdauer des Rasens, da keine Schnitte gemacht werden. Sch\u00fctze den Rasen vor Verschlei\u00df, indem du die Linien mit nur einem Klick verschiebst.<\/div><\/div><\/div><div class=\"w-separator size_small\"><\/div>[vc_separator color=&#8220;white&#8220;]<div class=\"w-separator size_small\"><\/div><div class=\"w-iconbox iconpos_left style_default color_primary align_left no_text\"><div class=\"w-iconbox-icon\" style=\"font-size:1rem;\"><\/div><div class=\"w-iconbox-meta\"><div class=\"w-iconbox-title\">Erstklassiger Standard<\/div><\/div><\/div><div class=\"w-separator size_small\"><\/div><\/div><\/div><\/div><\/div><\/section><section class=\"l-section wpb_row us_custom_8c42ed40 height_small width_full color_primary\"><div class=\"l-section-h i-cf\"><div class=\"g-cols via_grid cols_1 laptops-cols_inherit tablets-cols_inherit mobiles-cols_1 valign_top type_default\"><div class=\"wpb_column vc_column_container\"><div class=\"vc_column-inner\"><div class=\"w-separator size_medium\"><\/div><div class=\"w-hwrapper align_center valign_middle\" style=\"--hwrapper-gap:3rem\"><div class=\"wpb_text_column us_custom_94c7c6ff has_text_color\"><div class=\"wpb_wrapper\"><p style=\"text-align: left;\">Wie viel kannst du sparen, wenn du deinen Rasen mit Turf Tank markierst?<\/p>\n<\/div><\/div><div class=\"w-btn-wrapper align_none\"><a class=\"w-btn us-btn-style_1\" title=\"Rechner\" href=\"https:\/\/turftank.com\/de\/zeit-und-geldrechner\/\"><span class=\"w-btn-label\">MEINE EINSPARUNGEN BERECHNEN<\/span><\/a><\/div><\/div><\/div><\/div><\/div><\/div><\/section><section class=\"l-section wpb_row height_medium\"><div class=\"l-section-h i-cf\"><div class=\"g-cols via_grid cols_2 laptops-cols_inherit tablets-cols_inherit mobiles-cols_1 valign_top type_default\"><div class=\"wpb_column vc_column_container\"><div class=\"vc_column-inner\"><div class=\"wpb_text_column us_custom_7e20fa79 us_animate_this\"><div class=\"wpb_wrapper\"><h3>2 MINUTEN F\u00dcR DEN AUFBAU<\/h3>\n<p>Um die Sportlinien in einen Kunstrasen einzubringen, musst du zun\u00e4chst den gr\u00fcnen Rasen an der Stelle schneiden, an der die Linien verlaufen sollen, und dann die bemalten Rasenrollen einlegen. Das bedeutet, dass man Geld f\u00fcr Material ausgeben muss, das letztendlich verschwendet wird. Hinzu kommen nat\u00fcrlich die zus\u00e4tzlichen Arbeitskosten f\u00fcr das Ausmessen der Fl\u00e4che, das Schneiden und S\u00e4umen der Linien. Mit Turf Tank entfallen diese Arbeitskosten. Richte ihn einfach in 2 Minuten ein und sieh zu, wie er den Rasen ganz alleine streicht.<\/p>\n<\/div><\/div><\/div><\/div><div class=\"wpb_column vc_column_container\"><div class=\"vc_column-inner\"><div class=\"w-image us_custom_47474b22 us_animate_this align_none\"><div class=\"w-image-h\"><img loading=\"lazy\" decoding=\"async\" width=\"476\" height=\"286\" src=\"https:\/\/turftank.com\/wp-content\/uploads\/2022\/01\/Turf-Tank-tablet.png\" class=\"attachment-large size-large\" alt=\"\" srcset=\"https:\/\/turftank.com\/wp-content\/uploads\/2022\/01\/Turf-Tank-tablet.png 476w, https:\/\/turftank.com\/wp-content\/uploads\/2022\/01\/Turf-Tank-tablet-300x180.png 300w, https:\/\/turftank.com\/wp-content\/uploads\/2022\/01\/Turf-Tank-tablet-50x30.png 50w, https:\/\/turftank.com\/wp-content\/uploads\/2022\/01\/Turf-Tank-tablet-150x90.png 150w, https:\/\/turftank.com\/wp-content\/uploads\/2022\/01\/Turf-Tank-tablet-200x120.png 200w, https:\/\/turftank.com\/wp-content\/uploads\/2022\/01\/Turf-Tank-tablet-100x60.png 100w, https:\/\/turftank.com\/wp-content\/uploads\/2022\/01\/Turf-Tank-tablet-400x240.png 400w, https:\/\/turftank.com\/wp-content\/uploads\/2022\/01\/Turf-Tank-tablet-30x18.png 30w\" sizes=\"auto, (max-width: 476px) 100vw, 476px\" \/><\/div><\/div><\/div><\/div><\/div><\/div><\/section><section class=\"l-section wpb_row height_medium\"><div class=\"l-section-h i-cf\"><div class=\"g-cols via_grid cols_2 laptops-cols_inherit tablets-cols_inherit mobiles-cols_1 valign_middle type_default\"><div class=\"wpb_column vc_column_container\"><div class=\"vc_column-inner\"><div class=\"wpb_text_column us_custom_7e20fa79 us_animate_this\"><div class=\"wpb_wrapper\"><h3>Kein Durcheinander<\/h3>\n<p>Ein Rasen wird in der Regel f\u00fcr mehrere Sportarten verwendet, was bedeutet, dass er mehrere eingelegte Linien in verschiedenen Farben hat, um zwischen den verschiedenen Sportarten zu unterscheiden. Mit Turf Tank kannst du nur das Layout markieren, das du gerade verwendest, damit der Rasen immer sauber und ohne Unordnung bleibt.<\/p>\n<\/div><\/div><\/div><\/div><div class=\"wpb_column vc_column_container us_custom_47474b22 us_animate_this\"><div class=\"vc_column-inner\"><div class=\"w-image align_none\"><div class=\"w-image-h\"><img loading=\"lazy\" decoding=\"async\" width=\"1024\" height=\"576\" src=\"https:\/\/turftank.com\/wp-content\/uploads\/2022\/12\/line-on-artificial-turf-1024x576.jpg\" class=\"attachment-large size-large\" alt=\"Turf Tank painting a straight line on an artificial Turf field\" srcset=\"https:\/\/turftank.com\/wp-content\/uploads\/2022\/12\/line-on-artificial-turf-1024x576.jpg 1024w, https:\/\/turftank.com\/wp-content\/uploads\/2022\/12\/line-on-artificial-turf-300x169.jpg 300w, https:\/\/turftank.com\/wp-content\/uploads\/2022\/12\/line-on-artificial-turf-50x28.jpg 50w, https:\/\/turftank.com\/wp-content\/uploads\/2022\/12\/line-on-artificial-turf-150x84.jpg 150w, https:\/\/turftank.com\/wp-content\/uploads\/2022\/12\/line-on-artificial-turf-200x113.jpg 200w, https:\/\/turftank.com\/wp-content\/uploads\/2022\/12\/line-on-artificial-turf-100x56.jpg 100w, https:\/\/turftank.com\/wp-content\/uploads\/2022\/12\/line-on-artificial-turf-600x338.jpg 600w, https:\/\/turftank.com\/wp-content\/uploads\/2022\/12\/line-on-artificial-turf-700x394.jpg 700w, https:\/\/turftank.com\/wp-content\/uploads\/2022\/12\/line-on-artificial-turf-800x450.jpg 800w, https:\/\/turftank.com\/wp-content\/uploads\/2022\/12\/line-on-artificial-turf-900x506.jpg 900w, https:\/\/turftank.com\/wp-content\/uploads\/2022\/12\/line-on-artificial-turf-1200x675.jpg 1200w\" sizes=\"auto, (max-width: 1024px) 100vw, 1024px\" \/><\/div><\/div><\/div><\/div><\/div><\/div><\/section><section class=\"l-section wpb_row height_medium\"><div class=\"l-section-h i-cf\"><div class=\"g-cols via_grid cols_2 laptops-cols_inherit tablets-cols_inherit mobiles-cols_1 valign_middle type_default\"><div class=\"wpb_column vc_column_container us_custom_7e20fa79 us_animate_this\"><div class=\"vc_column-inner\"><div class=\"wpb_text_column\"><div class=\"wpb_wrapper\"><h3>PERFEKTE LINIEN<\/h3>\n<p>Wenn du die Linien einbettest, musst du den Bereich, in dem sie liegen sollen, korrekt ausmessen und den Rasen perfekt zuschneiden. Da es sich hierbei um eine dauerhafte L\u00f6sung handelt, sind Fachkr\u00e4fte, Liebe zum Detail und Zeit erforderlich, um das gew\u00fcnschte Ergebnis zu erzielen. Dank seines GPS-Systems eliminiert der Turf Tank-Roboter menschliche Fehler und gew\u00e4hrleistet jedes Mal eine pr\u00e4zise und konsistente Markierung.<\/p>\n<\/div><\/div><\/div><\/div><div class=\"wpb_column vc_column_container us_custom_47474b22 us_animate_this\"><div class=\"vc_column-inner\"><div class=\"w-image align_none\"><div class=\"w-image-h\"><img loading=\"lazy\" decoding=\"async\" width=\"1024\" height=\"576\" src=\"https:\/\/turftank.com\/wp-content\/uploads\/2021\/11\/Turf-Tank-robotic-field-painter-1024x576.png\" class=\"attachment-large size-large\" alt=\"Turf Tank Robot painting a straight white line with a blurred frame\" srcset=\"https:\/\/turftank.com\/wp-content\/uploads\/2021\/11\/Turf-Tank-robotic-field-painter-1024x576.png 1024w, https:\/\/turftank.com\/wp-content\/uploads\/2021\/11\/Turf-Tank-robotic-field-painter-300x169.png 300w, https:\/\/turftank.com\/wp-content\/uploads\/2021\/11\/Turf-Tank-robotic-field-painter-50x28.png 50w, https:\/\/turftank.com\/wp-content\/uploads\/2021\/11\/Turf-Tank-robotic-field-painter.png 1080w\" sizes=\"auto, (max-width: 1024px) 100vw, 1024px\" \/><\/div><\/div><\/div><\/div><\/div><\/div><\/section><section class=\"l-section wpb_row height_medium\"><div class=\"l-section-h i-cf\"><div class=\"g-cols via_grid cols_2 laptops-cols_inherit tablets-cols_inherit mobiles-cols_1 valign_middle type_default\"><div class=\"wpb_column vc_column_container us_custom_7e20fa79 us_animate_this\"><div class=\"vc_column-inner\"><div class=\"wpb_text_column\"><div class=\"wpb_wrapper\"><h3>ERHALTE DIE LEBENSDAUER DEINES RASENS<\/h3>\n<p>Die eingebetteten Linien sind die schw\u00e4chsten Stellen des Kunstrasens, da sie verklebt sind. An den Stellen, an denen die Linien eingeschnitten sind, kann es zu Rissen kommen, so dass sie ausgetauscht werden m\u00fcssen. Wenn du dich daf\u00fcr entscheidest, das Spielfeld stattdessen zu markieren, werden keine Schnitte gemacht, wodurch du die Lebensdauer deines Rasens erh\u00e4ltst. Au\u00dferdem kannst du die Spielfelder einfach um einige Zentimeter verschieben, um sie noch besser vor Abnutzung zu sch\u00fctzen.<\/p>\n<\/div><\/div><\/div><\/div><div class=\"wpb_column vc_column_container us_custom_47474b22 us_animate_this\"><div class=\"vc_column-inner\"><div class=\"w-image align_none\"><div class=\"w-image-h\"><img loading=\"lazy\" decoding=\"async\" width=\"1024\" height=\"656\" src=\"https:\/\/turftank.com\/wp-content\/uploads\/2022\/12\/corner-line-artificial-turf-1024x656.jpg\" class=\"attachment-large size-large\" alt=\"Corner line on an artificial soccer field being painted by autonomous line marking robot, Turf Tank\" srcset=\"https:\/\/turftank.com\/wp-content\/uploads\/2022\/12\/corner-line-artificial-turf-1024x656.jpg 1024w, https:\/\/turftank.com\/wp-content\/uploads\/2022\/12\/corner-line-artificial-turf-300x192.jpg 300w, https:\/\/turftank.com\/wp-content\/uploads\/2022\/12\/corner-line-artificial-turf-50x32.jpg 50w, https:\/\/turftank.com\/wp-content\/uploads\/2022\/12\/corner-line-artificial-turf-150x96.jpg 150w, https:\/\/turftank.com\/wp-content\/uploads\/2022\/12\/corner-line-artificial-turf-200x128.jpg 200w, https:\/\/turftank.com\/wp-content\/uploads\/2022\/12\/corner-line-artificial-turf-100x64.jpg 100w, https:\/\/turftank.com\/wp-content\/uploads\/2022\/12\/corner-line-artificial-turf-600x384.jpg 600w, https:\/\/turftank.com\/wp-content\/uploads\/2022\/12\/corner-line-artificial-turf-700x448.jpg 700w, https:\/\/turftank.com\/wp-content\/uploads\/2022\/12\/corner-line-artificial-turf-800x512.jpg 800w, https:\/\/turftank.com\/wp-content\/uploads\/2022\/12\/corner-line-artificial-turf-900x577.jpg 900w, https:\/\/turftank.com\/wp-content\/uploads\/2022\/12\/corner-line-artificial-turf-1200x769.jpg 1200w\" sizes=\"auto, (max-width: 1024px) 100vw, 1024px\" \/><\/div><\/div><\/div><\/div><\/div><\/div><\/section><section class=\"l-section wpb_row us_custom_8c42ed40 height_huge width_full color_primary\"><div class=\"l-section-h i-cf\"><div class=\"g-cols via_grid cols_1 laptops-cols_inherit tablets-cols_inherit mobiles-cols_1 valign_top type_default\"><div class=\"wpb_column vc_column_container\"><div class=\"vc_column-inner\"><div class=\"w-separator size_huge\"><\/div><div class=\"wpb_text_column us_custom_d1b7ed8b has_text_color\"><div class=\"wpb_wrapper\"><h3 style=\"text-align: center;\">BIST DU BEREIT, GELD MIT DEINEM RASEN ZU SPAREN?<\/h3>\n<\/div><\/div><div class=\"w-btn-wrapper align_center\"><a class=\"w-btn us-btn-style_4\" title=\"ANGEBOT ANFORDERN\" href=\"https:\/\/turftank.com\/de\/angebot-anfordern\/\"><span class=\"w-btn-label\">ANGEBOT ANFORDERN<\/span><\/a><\/div><\/div><\/div><\/div><\/div><\/section>\n","protected":false},"excerpt":{"rendered":"LINIENMARKIERUNG AUF KUNSTRASEN PERFEKTER RASEN &#8211; KEIN DURCHEINANDER Turf Tank ist die ultimative L\u00f6sung zur Markierung eines Kunstrasens, die das Durcheinander der vielseitig einsetzbaren permanenten Markierungen beseitigt. Markiere nur das Layout, das du gerade brauchst, und halte den Rasen mit immer frisch aussehenden Linien sauber. GELD SPAREN UND DIE QUALIT\u00c4T DEINES RASENS VERBESSERN Kunstrasen ist...","protected":false},"author":14,"featured_media":0,"parent":0,"menu_order":0,"comment_status":"closed","ping_status":"closed","template":"","meta":{"_acf_changed":false,"footnotes":""},"class_list":["post-16714","page","type-page","status-publish","hentry"],"acf":[],"yoast_head":"<!-- This site is optimized with the Yoast SEO plugin v27.2 - https:\/\/yoast.com\/product\/yoast-seo-wordpress\/ -->\n<title>Linienmarkierung auf Kunstrasen - Turf Tank<\/title>\n<meta name=\"robots\" content=\"index, follow, max-snippet:-1, max-image-preview:large, max-video-preview:-1\" \/>\n<link rel=\"canonical\" href=\"https:\/\/turftank.com\/de\/linienmarkierung-auf-kunstrasen\/\" \/>\n<meta property=\"og:locale\" content=\"de_DE\" \/>\n<meta property=\"og:type\" content=\"article\" \/>\n<meta property=\"og:title\" content=\"Linienmarkierung auf Kunstrasen - Turf Tank\" \/>\n<meta property=\"og:url\" content=\"https:\/\/turftank.com\/de\/linienmarkierung-auf-kunstrasen\/\" \/>\n<meta property=\"og:site_name\" content=\"Turf Tank\" \/>\n<meta property=\"article:publisher\" content=\"https:\/\/www.facebook.com\/TurfTank\" \/>\n<meta property=\"article:modified_time\" content=\"2023-01-31T11:59:01+00:00\" \/>\n<meta name=\"twitter:card\" content=\"summary_large_image\" \/>\n<meta name=\"twitter:site\" content=\"@turf_tank\" \/>\n<meta name=\"twitter:label1\" content=\"Gesch\u00e4tzte Lesezeit\" \/>\n\t<meta name=\"twitter:data1\" content=\"4 Minuten\" \/>\n<script type=\"application\/ld+json\" class=\"yoast-schema-graph\">{\"@context\":\"https:\/\/schema.org\",\"@graph\":[{\"@type\":\"WebPage\",\"@id\":\"https:\/\/turftank.com\/de\/linienmarkierung-auf-kunstrasen\/\",\"url\":\"https:\/\/turftank.com\/de\/linienmarkierung-auf-kunstrasen\/\",\"name\":\"Linienmarkierung auf Kunstrasen - Turf Tank\",\"isPartOf\":{\"@id\":\"https:\/\/turftank.com\/us\/#website\"},\"datePublished\":\"2022-06-12T09:17:45+00:00\",\"dateModified\":\"2023-01-31T11:59:01+00:00\",\"breadcrumb\":{\"@id\":\"https:\/\/turftank.com\/de\/linienmarkierung-auf-kunstrasen\/#breadcrumb\"},\"inLanguage\":\"de-DE\",\"potentialAction\":[{\"@type\":\"ReadAction\",\"target\":[\"https:\/\/turftank.com\/de\/linienmarkierung-auf-kunstrasen\/\"]}]},{\"@type\":\"BreadcrumbList\",\"@id\":\"https:\/\/turftank.com\/de\/linienmarkierung-auf-kunstrasen\/#breadcrumb\",\"itemListElement\":[{\"@type\":\"ListItem\",\"position\":1,\"name\":\"Home\",\"item\":\"https:\/\/turftank.com\/de\/\"},{\"@type\":\"ListItem\",\"position\":2,\"name\":\"Linienmarkierung auf Kunstrasen\"}]},{\"@type\":\"WebSite\",\"@id\":\"https:\/\/turftank.com\/us\/#website\",\"url\":\"https:\/\/turftank.com\/us\/\",\"name\":\"Turf Tank\",\"description\":\"\",\"publisher\":{\"@id\":\"https:\/\/turftank.com\/us\/#organization\"},\"potentialAction\":[{\"@type\":\"SearchAction\",\"target\":{\"@type\":\"EntryPoint\",\"urlTemplate\":\"https:\/\/turftank.com\/us\/?s={search_term_string}\"},\"query-input\":{\"@type\":\"PropertyValueSpecification\",\"valueRequired\":true,\"valueName\":\"search_term_string\"}}],\"inLanguage\":\"de-DE\"},{\"@type\":\"Organization\",\"@id\":\"https:\/\/turftank.com\/us\/#organization\",\"name\":\"Turf Tank\",\"url\":\"https:\/\/turftank.com\/us\/\",\"logo\":{\"@type\":\"ImageObject\",\"inLanguage\":\"de-DE\",\"@id\":\"https:\/\/turftank.com\/us\/#\/schema\/logo\/image\/\",\"url\":\"https:\/\/turftank.com\/wp-content\/uploads\/2021\/11\/photo.png\",\"contentUrl\":\"https:\/\/turftank.com\/wp-content\/uploads\/2021\/11\/photo.png\",\"width\":44,\"height\":44,\"caption\":\"Turf Tank\"},\"image\":{\"@id\":\"https:\/\/turftank.com\/us\/#\/schema\/logo\/image\/\"},\"sameAs\":[\"https:\/\/www.facebook.com\/TurfTank\",\"https:\/\/x.com\/turf_tank\",\"https:\/\/www.instagram.com\/turftank\/\",\"https:\/\/dk.linkedin.com\/company\/turf-tank-eu\",\"https:\/\/www.youtube.com\/channel\/UCLAgkVAbFfq0FWBCwDL6Bjg\"]}]}<\/script>\n<!-- \/ Yoast SEO plugin. -->","yoast_head_json":{"title":"Linienmarkierung auf Kunstrasen - Turf Tank","robots":{"index":"index","follow":"follow","max-snippet":"max-snippet:-1","max-image-preview":"max-image-preview:large","max-video-preview":"max-video-preview:-1"},"canonical":"https:\/\/turftank.com\/de\/linienmarkierung-auf-kunstrasen\/","og_locale":"de_DE","og_type":"article","og_title":"Linienmarkierung auf Kunstrasen - Turf Tank","og_url":"https:\/\/turftank.com\/de\/linienmarkierung-auf-kunstrasen\/","og_site_name":"Turf Tank","article_publisher":"https:\/\/www.facebook.com\/TurfTank","article_modified_time":"2023-01-31T11:59:01+00:00","twitter_card":"summary_large_image","twitter_site":"@turf_tank","twitter_misc":{"Gesch\u00e4tzte Lesezeit":"4 Minuten"},"schema":{"@context":"https:\/\/schema.org","@graph":[{"@type":"WebPage","@id":"https:\/\/turftank.com\/de\/linienmarkierung-auf-kunstrasen\/","url":"https:\/\/turftank.com\/de\/linienmarkierung-auf-kunstrasen\/","name":"Linienmarkierung auf Kunstrasen - Turf Tank","isPartOf":{"@id":"https:\/\/turftank.com\/us\/#website"},"datePublished":"2022-06-12T09:17:45+00:00","dateModified":"2023-01-31T11:59:01+00:00","breadcrumb":{"@id":"https:\/\/turftank.com\/de\/linienmarkierung-auf-kunstrasen\/#breadcrumb"},"inLanguage":"de-DE","potentialAction":[{"@type":"ReadAction","target":["https:\/\/turftank.com\/de\/linienmarkierung-auf-kunstrasen\/"]}]},{"@type":"BreadcrumbList","@id":"https:\/\/turftank.com\/de\/linienmarkierung-auf-kunstrasen\/#breadcrumb","itemListElement":[{"@type":"ListItem","position":1,"name":"Home","item":"https:\/\/turftank.com\/de\/"},{"@type":"ListItem","position":2,"name":"Linienmarkierung auf Kunstrasen"}]},{"@type":"WebSite","@id":"https:\/\/turftank.com\/us\/#website","url":"https:\/\/turftank.com\/us\/","name":"Turf Tank","description":"","publisher":{"@id":"https:\/\/turftank.com\/us\/#organization"},"potentialAction":[{"@type":"SearchAction","target":{"@type":"EntryPoint","urlTemplate":"https:\/\/turftank.com\/us\/?s={search_term_string}"},"query-input":{"@type":"PropertyValueSpecification","valueRequired":true,"valueName":"search_term_string"}}],"inLanguage":"de-DE"},{"@type":"Organization","@id":"https:\/\/turftank.com\/us\/#organization","name":"Turf Tank","url":"https:\/\/turftank.com\/us\/","logo":{"@type":"ImageObject","inLanguage":"de-DE","@id":"https:\/\/turftank.com\/us\/#\/schema\/logo\/image\/","url":"https:\/\/turftank.com\/wp-content\/uploads\/2021\/11\/photo.png","contentUrl":"https:\/\/turftank.com\/wp-content\/uploads\/2021\/11\/photo.png","width":44,"height":44,"caption":"Turf Tank"},"image":{"@id":"https:\/\/turftank.com\/us\/#\/schema\/logo\/image\/"},"sameAs":["https:\/\/www.facebook.com\/TurfTank","https:\/\/x.com\/turf_tank","https:\/\/www.instagram.com\/turftank\/","https:\/\/dk.linkedin.com\/company\/turf-tank-eu","https:\/\/www.youtube.com\/channel\/UCLAgkVAbFfq0FWBCwDL6Bjg"]}]}},"_links":{"self":[{"href":"https:\/\/turftank.com\/de\/wp-json\/wp\/v2\/pages\/16714","targetHints":{"allow":["GET"]}}],"collection":[{"href":"https:\/\/turftank.com\/de\/wp-json\/wp\/v2\/pages"}],"about":[{"href":"https:\/\/turftank.com\/de\/wp-json\/wp\/v2\/types\/page"}],"author":[{"embeddable":true,"href":"https:\/\/turftank.com\/de\/wp-json\/wp\/v2\/users\/14"}],"replies":[{"embeddable":true,"href":"https:\/\/turftank.com\/de\/wp-json\/wp\/v2\/comments?post=16714"}],"version-history":[{"count":0,"href":"https:\/\/turftank.com\/de\/wp-json\/wp\/v2\/pages\/16714\/revisions"}],"wp:attachment":[{"href":"https:\/\/turftank.com\/de\/wp-json\/wp\/v2\/media?parent=16714"}],"curies":[{"name":"wp","href":"https:\/\/api.w.org\/{rel}","templated":true}]}}