{"id":28245,"date":"2020-06-22T12:06:41","date_gmt":"2020-06-22T10:06:41","guid":{"rendered":"https:\/\/turftank.com\/jobs\/"},"modified":"2025-08-29T10:31:14","modified_gmt":"2025-08-29T08:31:14","slug":"emplois","status":"publish","type":"page","link":"https:\/\/turftank.com\/fr\/emplois\/","title":{"rendered":"Jobs &#8211; Emplois &#8211; FR"},"content":{"rendered":"<section class=\"l-section wpb_row us_custom_021c9f50 height_medium\"><div class=\"l-section-overlay\" style=\"background:rgba(0,0,0,0.70)\"><\/div><div class=\"l-section-h i-cf\"><div class=\"g-cols via_grid cols_1 laptops-cols_inherit tablets-cols_inherit mobiles-cols_1 valign_middle type_default\"><div class=\"wpb_column vc_column_container\"><div class=\"vc_column-inner\"><div class=\"wpb_text_column us_custom_75791dc2 has_text_color\"><div class=\"wpb_wrapper\"><p style=\"text-align: center;\">Nous <span style=\"color: #5bc551;\">r\u00e9volutionnons<\/span> l&rsquo;industrie de la peinture sur terrain<\/p>\n<\/div><\/div><div class=\"wpb_text_column us_custom_6afb1ba8 has_text_color\"><div class=\"wpb_wrapper\"><h4 style=\"text-align: center;\">Et nous avons besoin des esprits les plus brillants pour y parvenir<\/h4>\n<\/div><\/div><\/div><\/div><\/div><\/div><\/section><section class=\"l-section wpb_row bit-narrow height_medium\"><div class=\"l-section-h i-cf\"><div class=\"g-cols via_grid cols_1 laptops-cols_inherit tablets-cols_inherit mobiles-cols_1 valign_top type_default\"><div class=\"wpb_column vc_column_container\"><div class=\"vc_column-inner\"><div class=\"wpb_text_column\"><div class=\"wpb_wrapper\"><h3>O\u00d9 LA PASSION POUR LE SPORT ET LA ROBOTIQUE SE M\u00caLENT<\/h3>\n<p>Nous aidons les organisations sportives du monde entier, des petits clubs et \u00e9coles aux stades d&rsquo;\u00e9lite, \u00e0 cr\u00e9er des terrains impeccables o\u00f9 les joueurs peuvent d\u00e9montrer leurs comp\u00e9tences et leur talent, et o\u00f9 les fans peuvent encourager leurs \u00e9quipes favorites.<\/p>\n<\/div><\/div><div class=\"w-separator size_small\"><\/div><div class=\"wpb_text_column us_custom_07e2a091 has_text_color\"><div class=\"wpb_wrapper\"><h3 style=\"text-align: left;\">Postes \u00e0 pourvoir<\/h3>\n<\/div><\/div><div class=\"wpb_text_column us_custom_4e51ba82 has_text_color\"><div class=\"wpb_wrapper\"><h4 style=\"text-align: left;\">Actuellement, aucune offre d&#8217;emploi disponible.<\/h4>\n<\/div><\/div><div class=\"w-separator size_small\"><\/div><div class=\"wpb_text_column us_custom_4e51ba82 has_text_color  hide_on_default hide_on_laptops hide_on_tablets hide_on_mobiles\"><div class=\"wpb_wrapper\"><h4>Operations<\/h4>\n<\/div><\/div><div class=\"g-cols wpb_row us_custom_a3dda067  hide_on_default hide_on_laptops hide_on_tablets hide_on_mobiles via_grid cols_3 laptops-cols_inherit tablets-cols_inherit mobiles-cols_1 valign_top type_default\"><div class=\"wpb_column vc_column_container\"><div class=\"vc_column-inner\"><div class=\"w-vwrapper us_custom_4d60980e job-card-tt align_none valign_top\" style=\"--vwrapper-gap:0.3rem\"><div class=\"w-image us_custom_b7d30aec  hide_on_default hide_on_laptops hide_on_tablets hide_on_mobiles align_none\"><div class=\"w-image-h\"><img loading=\"lazy\" decoding=\"async\" width=\"50\" height=\"50\" src=\"https:\/\/turftank.com\/wp-content\/uploads\/2023\/08\/new-rlg-50x50.png\" class=\"attachment-us_50_50 size-us_50_50\" alt=\"\" srcset=\"https:\/\/turftank.com\/wp-content\/uploads\/2023\/08\/new-rlg-50x50.png 50w, https:\/\/turftank.com\/wp-content\/uploads\/2023\/08\/new-rlg-300x300.png 300w, https:\/\/turftank.com\/wp-content\/uploads\/2023\/08\/new-rlg-1024x1024.png 1024w, https:\/\/turftank.com\/wp-content\/uploads\/2023\/08\/new-rlg-150x150.png 150w, https:\/\/turftank.com\/wp-content\/uploads\/2023\/08\/new-rlg-200x200.png 200w, https:\/\/turftank.com\/wp-content\/uploads\/2023\/08\/new-rlg-100x100.png 100w, https:\/\/turftank.com\/wp-content\/uploads\/2023\/08\/new-rlg-600x600.png 600w, https:\/\/turftank.com\/wp-content\/uploads\/2023\/08\/new-rlg-700x700.png 700w, https:\/\/turftank.com\/wp-content\/uploads\/2023\/08\/new-rlg-800x800.png 800w, https:\/\/turftank.com\/wp-content\/uploads\/2023\/08\/new-rlg-900x900.png 900w, https:\/\/turftank.com\/wp-content\/uploads\/2023\/08\/new-rlg.png 1080w\" sizes=\"auto, (max-width: 50px) 100vw, 50px\" \/><\/div><\/div><div class=\"wpb_text_column\"><div class=\"wpb_wrapper\"><h5>Warehouse Associate<\/h5>\n<\/div><\/div><div class=\"wpb_text_column\"><div class=\"wpb_wrapper\"><p>Marietta, Georgia<br \/>\nFull-Time | Supply Chain<\/p>\n<\/div><\/div><div class=\"w-btn-wrapper align_none\"><a class=\"w-btn us-btn-style_3 us_custom_7ae31ba0 job-btn-tt\" target=\"_blank\" href=\"https:\/\/turftank.bamboohr.com\/careers\/102\" rel=\"noopener\"><span class=\"w-btn-label\">Apply<\/span><\/a><\/div><\/div><\/div><\/div><div class=\"wpb_column vc_column_container\"><div class=\"vc_column-inner\"><\/div><\/div><div class=\"wpb_column vc_column_container\"><div class=\"vc_column-inner\"><\/div><\/div><\/div><div class=\"w-separator size_medium\"><\/div><\/div><\/div><\/div><\/div><\/section><section class=\"l-section wpb_row us_custom_6c1ce31b height_medium width_full\"><div class=\"l-section-h i-cf\"><div class=\"g-cols via_grid cols_1 laptops-cols_inherit tablets-cols_inherit mobiles-cols_1 valign_middle type_default\"><div class=\"wpb_column vc_column_container\"><div class=\"vc_column-inner\"><div class=\"wpb_text_column us_custom_6df4bc3a has_text_color\"><div class=\"wpb_wrapper\"><h2 style=\"text-align: center;\">Candidature spontan\u00e9e<\/h2>\n<\/div><\/div><div class=\"w-separator size_medium\"><\/div><div class=\"w-hwrapper align_center valign_middle\" style=\"--hwrapper-gap:3rem\"><div class=\"w-vwrapper us_custom_db2f05df align_center valign_middle\" style=\"--vwrapper-gap:0.1rem\"><div class=\"wpb_text_column us_custom_837172db\"><div class=\"wpb_wrapper\"><h6 style=\"text-align: center;\">\u00c9tats-Unis<\/h6>\n<\/div><\/div><div class=\"wpb_text_column us_custom_83333168\"><div class=\"wpb_wrapper\"><p style=\"text-align: center;\"><strong><a href=\"mailto:job@turftank.com\">jobs@turftank.com<\/a><\/strong><\/p>\n<\/div><\/div><\/div><div class=\"w-vwrapper us_custom_db2f05df align_center valign_middle\" style=\"--vwrapper-gap:0.1rem\"><div class=\"wpb_text_column us_custom_837172db\"><div class=\"wpb_wrapper\"><h6 style=\"text-align: center;\">Reste du monde<\/h6>\n<\/div><\/div><div class=\"wpb_text_column us_custom_83333168\"><div class=\"wpb_wrapper\"><p style=\"text-align: center;\"><strong><a href=\"mailto:job.row@turftank.com\">job.row@turftank.com<\/a><\/strong><\/p>\n<\/div><\/div><\/div><\/div><\/div><\/div><\/div><\/div><\/section>\n","protected":false},"excerpt":{"rendered":"Nous r\u00e9volutionnons l&rsquo;industrie de la peinture sur terrain Et nous avons besoin des esprits les plus brillants pour y parvenir O\u00d9 LA PASSION POUR LE SPORT ET LA ROBOTIQUE SE M\u00caLENT Nous aidons les organisations sportives du monde entier, des petits clubs et \u00e9coles aux stades d&rsquo;\u00e9lite, \u00e0 cr\u00e9er des terrains impeccables o\u00f9 les joueurs...","protected":false},"author":14,"featured_media":20724,"parent":0,"menu_order":0,"comment_status":"closed","ping_status":"closed","template":"","meta":{"_acf_changed":false,"footnotes":""},"class_list":["post-28245","page","type-page","status-publish","has-post-thumbnail","hentry"],"acf":[],"yoast_head":"<!-- This site is optimized with the Yoast SEO plugin v27.2 - https:\/\/yoast.com\/product\/yoast-seo-wordpress\/ -->\n<title>Rejoignez la soci\u00e9t\u00e9 de technologie sportive la plus tendance<\/title>\n<meta name=\"robots\" content=\"index, follow, max-snippet:-1, max-image-preview:large, max-video-preview:-1\" \/>\n<link rel=\"canonical\" href=\"https:\/\/turftank.com\/fr\/emplois\/\" \/>\n<meta property=\"og:locale\" content=\"fr_FR\" \/>\n<meta property=\"og:type\" content=\"article\" \/>\n<meta property=\"og:title\" content=\"Rejoignez la soci\u00e9t\u00e9 de technologie sportive la plus tendance\" \/>\n<meta property=\"og:url\" content=\"https:\/\/turftank.com\/fr\/emplois\/\" \/>\n<meta property=\"og:site_name\" content=\"Turf Tank\" \/>\n<meta property=\"article:publisher\" content=\"https:\/\/www.facebook.com\/TurfTank\" \/>\n<meta property=\"article:modified_time\" content=\"2025-08-29T08:31:14+00:00\" \/>\n<meta property=\"og:image\" content=\"https:\/\/turftank.com\/wp-content\/uploads\/2022\/12\/turftank-headquarters-scaled.jpg\" \/>\n\t<meta property=\"og:image:width\" content=\"2560\" \/>\n\t<meta property=\"og:image:height\" content=\"1440\" \/>\n\t<meta property=\"og:image:type\" content=\"image\/jpeg\" \/>\n<meta name=\"twitter:card\" content=\"summary_large_image\" \/>\n<meta name=\"twitter:site\" content=\"@turf_tank\" \/>\n<meta name=\"twitter:label1\" content=\"Dur\u00e9e de lecture estim\u00e9e\" \/>\n\t<meta name=\"twitter:data1\" content=\"1 minute\" \/>\n<script type=\"application\/ld+json\" class=\"yoast-schema-graph\">{\"@context\":\"https:\/\/schema.org\",\"@graph\":[{\"@type\":\"WebPage\",\"@id\":\"https:\/\/turftank.com\/fr\/emplois\/\",\"url\":\"https:\/\/turftank.com\/fr\/emplois\/\",\"name\":\"Rejoignez la soci\u00e9t\u00e9 de technologie sportive la plus tendance\",\"isPartOf\":{\"@id\":\"https:\/\/turftank.com\/us\/#website\"},\"primaryImageOfPage\":{\"@id\":\"https:\/\/turftank.com\/fr\/emplois\/#primaryimage\"},\"image\":{\"@id\":\"https:\/\/turftank.com\/fr\/emplois\/#primaryimage\"},\"thumbnailUrl\":\"https:\/\/turftank.com\/wp-content\/uploads\/2022\/12\/turftank-headquarters-scaled.jpg\",\"datePublished\":\"2020-06-22T10:06:41+00:00\",\"dateModified\":\"2025-08-29T08:31:14+00:00\",\"breadcrumb\":{\"@id\":\"https:\/\/turftank.com\/fr\/emplois\/#breadcrumb\"},\"inLanguage\":\"fr-FR\",\"potentialAction\":[{\"@type\":\"ReadAction\",\"target\":[\"https:\/\/turftank.com\/fr\/emplois\/\"]}]},{\"@type\":\"ImageObject\",\"inLanguage\":\"fr-FR\",\"@id\":\"https:\/\/turftank.com\/fr\/emplois\/#primaryimage\",\"url\":\"https:\/\/turftank.com\/wp-content\/uploads\/2022\/12\/turftank-headquarters-scaled.jpg\",\"contentUrl\":\"https:\/\/turftank.com\/wp-content\/uploads\/2022\/12\/turftank-headquarters-scaled.jpg\",\"width\":2560,\"height\":1440,\"caption\":\"Picture of the Turf Tank headquarters based in Svenstrup, Denmark\"},{\"@type\":\"BreadcrumbList\",\"@id\":\"https:\/\/turftank.com\/fr\/emplois\/#breadcrumb\",\"itemListElement\":[{\"@type\":\"ListItem\",\"position\":1,\"name\":\"Home\",\"item\":\"https:\/\/turftank.com\/fr\/\"},{\"@type\":\"ListItem\",\"position\":2,\"name\":\"Jobs &#8211; Emplois &#8211; FR\"}]},{\"@type\":\"WebSite\",\"@id\":\"https:\/\/turftank.com\/us\/#website\",\"url\":\"https:\/\/turftank.com\/us\/\",\"name\":\"Turf Tank\",\"description\":\"\",\"publisher\":{\"@id\":\"https:\/\/turftank.com\/us\/#organization\"},\"potentialAction\":[{\"@type\":\"SearchAction\",\"target\":{\"@type\":\"EntryPoint\",\"urlTemplate\":\"https:\/\/turftank.com\/us\/?s={search_term_string}\"},\"query-input\":{\"@type\":\"PropertyValueSpecification\",\"valueRequired\":true,\"valueName\":\"search_term_string\"}}],\"inLanguage\":\"fr-FR\"},{\"@type\":\"Organization\",\"@id\":\"https:\/\/turftank.com\/us\/#organization\",\"name\":\"Turf Tank\",\"url\":\"https:\/\/turftank.com\/us\/\",\"logo\":{\"@type\":\"ImageObject\",\"inLanguage\":\"fr-FR\",\"@id\":\"https:\/\/turftank.com\/us\/#\/schema\/logo\/image\/\",\"url\":\"https:\/\/turftank.com\/wp-content\/uploads\/2021\/11\/photo.png\",\"contentUrl\":\"https:\/\/turftank.com\/wp-content\/uploads\/2021\/11\/photo.png\",\"width\":44,\"height\":44,\"caption\":\"Turf Tank\"},\"image\":{\"@id\":\"https:\/\/turftank.com\/us\/#\/schema\/logo\/image\/\"},\"sameAs\":[\"https:\/\/www.facebook.com\/TurfTank\",\"https:\/\/x.com\/turf_tank\",\"https:\/\/www.instagram.com\/turftank\/\",\"https:\/\/dk.linkedin.com\/company\/turf-tank-eu\",\"https:\/\/www.youtube.com\/channel\/UCLAgkVAbFfq0FWBCwDL6Bjg\"]}]}<\/script>\n<!-- \/ Yoast SEO plugin. -->","yoast_head_json":{"title":"Rejoignez la soci\u00e9t\u00e9 de technologie sportive la plus tendance","robots":{"index":"index","follow":"follow","max-snippet":"max-snippet:-1","max-image-preview":"max-image-preview:large","max-video-preview":"max-video-preview:-1"},"canonical":"https:\/\/turftank.com\/fr\/emplois\/","og_locale":"fr_FR","og_type":"article","og_title":"Rejoignez la soci\u00e9t\u00e9 de technologie sportive la plus tendance","og_url":"https:\/\/turftank.com\/fr\/emplois\/","og_site_name":"Turf Tank","article_publisher":"https:\/\/www.facebook.com\/TurfTank","article_modified_time":"2025-08-29T08:31:14+00:00","og_image":[{"width":2560,"height":1440,"url":"https:\/\/turftank.com\/wp-content\/uploads\/2022\/12\/turftank-headquarters-scaled.jpg","type":"image\/jpeg"}],"twitter_card":"summary_large_image","twitter_site":"@turf_tank","twitter_misc":{"Dur\u00e9e de lecture estim\u00e9e":"1 minute"},"schema":{"@context":"https:\/\/schema.org","@graph":[{"@type":"WebPage","@id":"https:\/\/turftank.com\/fr\/emplois\/","url":"https:\/\/turftank.com\/fr\/emplois\/","name":"Rejoignez la soci\u00e9t\u00e9 de technologie sportive la plus tendance","isPartOf":{"@id":"https:\/\/turftank.com\/us\/#website"},"primaryImageOfPage":{"@id":"https:\/\/turftank.com\/fr\/emplois\/#primaryimage"},"image":{"@id":"https:\/\/turftank.com\/fr\/emplois\/#primaryimage"},"thumbnailUrl":"https:\/\/turftank.com\/wp-content\/uploads\/2022\/12\/turftank-headquarters-scaled.jpg","datePublished":"2020-06-22T10:06:41+00:00","dateModified":"2025-08-29T08:31:14+00:00","breadcrumb":{"@id":"https:\/\/turftank.com\/fr\/emplois\/#breadcrumb"},"inLanguage":"fr-FR","potentialAction":[{"@type":"ReadAction","target":["https:\/\/turftank.com\/fr\/emplois\/"]}]},{"@type":"ImageObject","inLanguage":"fr-FR","@id":"https:\/\/turftank.com\/fr\/emplois\/#primaryimage","url":"https:\/\/turftank.com\/wp-content\/uploads\/2022\/12\/turftank-headquarters-scaled.jpg","contentUrl":"https:\/\/turftank.com\/wp-content\/uploads\/2022\/12\/turftank-headquarters-scaled.jpg","width":2560,"height":1440,"caption":"Picture of the Turf Tank headquarters based in Svenstrup, Denmark"},{"@type":"BreadcrumbList","@id":"https:\/\/turftank.com\/fr\/emplois\/#breadcrumb","itemListElement":[{"@type":"ListItem","position":1,"name":"Home","item":"https:\/\/turftank.com\/fr\/"},{"@type":"ListItem","position":2,"name":"Jobs &#8211; Emplois &#8211; FR"}]},{"@type":"WebSite","@id":"https:\/\/turftank.com\/us\/#website","url":"https:\/\/turftank.com\/us\/","name":"Turf Tank","description":"","publisher":{"@id":"https:\/\/turftank.com\/us\/#organization"},"potentialAction":[{"@type":"SearchAction","target":{"@type":"EntryPoint","urlTemplate":"https:\/\/turftank.com\/us\/?s={search_term_string}"},"query-input":{"@type":"PropertyValueSpecification","valueRequired":true,"valueName":"search_term_string"}}],"inLanguage":"fr-FR"},{"@type":"Organization","@id":"https:\/\/turftank.com\/us\/#organization","name":"Turf Tank","url":"https:\/\/turftank.com\/us\/","logo":{"@type":"ImageObject","inLanguage":"fr-FR","@id":"https:\/\/turftank.com\/us\/#\/schema\/logo\/image\/","url":"https:\/\/turftank.com\/wp-content\/uploads\/2021\/11\/photo.png","contentUrl":"https:\/\/turftank.com\/wp-content\/uploads\/2021\/11\/photo.png","width":44,"height":44,"caption":"Turf Tank"},"image":{"@id":"https:\/\/turftank.com\/us\/#\/schema\/logo\/image\/"},"sameAs":["https:\/\/www.facebook.com\/TurfTank","https:\/\/x.com\/turf_tank","https:\/\/www.instagram.com\/turftank\/","https:\/\/dk.linkedin.com\/company\/turf-tank-eu","https:\/\/www.youtube.com\/channel\/UCLAgkVAbFfq0FWBCwDL6Bjg"]}]}},"_links":{"self":[{"href":"https:\/\/turftank.com\/fr\/wp-json\/wp\/v2\/pages\/28245","targetHints":{"allow":["GET"]}}],"collection":[{"href":"https:\/\/turftank.com\/fr\/wp-json\/wp\/v2\/pages"}],"about":[{"href":"https:\/\/turftank.com\/fr\/wp-json\/wp\/v2\/types\/page"}],"author":[{"embeddable":true,"href":"https:\/\/turftank.com\/fr\/wp-json\/wp\/v2\/users\/14"}],"replies":[{"embeddable":true,"href":"https:\/\/turftank.com\/fr\/wp-json\/wp\/v2\/comments?post=28245"}],"version-history":[{"count":0,"href":"https:\/\/turftank.com\/fr\/wp-json\/wp\/v2\/pages\/28245\/revisions"}],"wp:featuredmedia":[{"embeddable":true,"href":"https:\/\/turftank.com\/fr\/wp-json\/wp\/v2\/media\/20724"}],"wp:attachment":[{"href":"https:\/\/turftank.com\/fr\/wp-json\/wp\/v2\/media?parent=28245"}],"curies":[{"name":"wp","href":"https:\/\/api.w.org\/{rel}","templated":true}]}}