{"id":24524,"date":"2020-06-22T12:06:41","date_gmt":"2020-06-22T10:06:41","guid":{"rendered":"https:\/\/turftank.com\/karriere\/"},"modified":"2026-03-06T13:45:20","modified_gmt":"2026-03-06T12:45:20","slug":"karriar","status":"publish","type":"page","link":"https:\/\/turftank.com\/se\/karriar\/","title":{"rendered":"Karri\u00e4r"},"content":{"rendered":"<section class=\"l-section wpb_row us_custom_9bc8db52 height_medium width_full\"><div class=\"l-section-overlay\" style=\"background:rgba(0,0,0,0.70)\"><\/div><div class=\"l-section-h i-cf\"><div class=\"g-cols via_grid cols_1 laptops-cols_inherit tablets-cols_inherit mobiles-cols_1 valign_top type_default\"><div class=\"wpb_column vc_column_container\"><div class=\"vc_column-inner\"><div class=\"wpb_text_column us_custom_fb1a9c49 has_text_color\"><div class=\"wpb_wrapper\"><h1 style=\"text-align: center; font-size: 1.8rem;\">VI <span style=\"color: #5bc551;\">REVOLUTIONERAR<\/span> SPORTBRANSCHEN<\/h1>\n<h4 style=\"text-align: center;\">Vill du vara med?<\/h4>\n<\/div><\/div><\/div><\/div><\/div><\/div><\/section><section class=\"l-section wpb_row bit-narrow height_medium\"><div class=\"l-section-h i-cf\"><div class=\"g-cols via_grid cols_1 laptops-cols_inherit tablets-cols_inherit mobiles-cols_1 valign_top type_default\"><div class=\"wpb_column vc_column_container\"><div class=\"vc_column-inner\"><div class=\"wpb_text_column\"><div class=\"wpb_wrapper\"><h3>D\u00c4R PASSIONEN F\u00d6R SPORT OCH ROBOTTEKNIK F\u00d6RENAS<\/h3>\n<p>Vi hj\u00e4lper idrottsorganisationer och kommuner \u00f6ver hela v\u00e4rlden. Fr\u00e5n sm\u00e5 klubbar och skolor till elitidrottsorganisationer. Gemensamt f\u00f6r dem alla \u00e4r att efter att v\u00e5r teknik implementerats upplever de mindre slitage p\u00e5 de anst\u00e4llda, mindre f\u00f6rbrukning av f\u00e4rg och relaterade utgifter och oklanderliga raka linjer p\u00e5 sina sp\u00e5r varje g\u00e5ng.<\/p>\n<\/div><\/div><div class=\"w-separator size_medium\"><\/div><div class=\"wpb_text_column us_custom_07e2a091 has_text_color\"><div class=\"wpb_wrapper\"><h3 style=\"text-align: left;\">\u00d6ppna positioner<\/h3>\n<\/div><\/div><div class=\"g-cols wpb_row us_custom_d9439cb0  hide_on_default hide_on_laptops hide_on_tablets hide_on_mobiles via_grid cols_1 laptops-cols_inherit tablets-cols_inherit mobiles-cols_1 valign_top type_default\"><div class=\"wpb_column vc_column_container\"><div class=\"vc_column-inner\"><div class=\"wpb_text_column us_custom_4e51ba82 has_text_color\"><div class=\"wpb_wrapper\"><h4>Operations<\/h4>\n<\/div><\/div><\/div><\/div><\/div><div class=\"g-cols wpb_row us_custom_a3dda067 via_grid cols_3 laptops-cols_inherit tablets-cols_inherit mobiles-cols_1 valign_top type_default\"><div class=\"wpb_column vc_column_container\"><div class=\"vc_column-inner\"><div class=\"w-vwrapper us_custom_4d60980e align_none valign_top\" style=\"--vwrapper-gap:0.3rem\"><div class=\"w-image us_custom_b7d30aec align_none\"><div class=\"w-image-h\"><img loading=\"lazy\" decoding=\"async\" width=\"50\" height=\"50\" src=\"https:\/\/turftank.com\/wp-content\/uploads\/2023\/08\/new-rlg-50x50.png\" class=\"attachment-us_50_50 size-us_50_50\" alt=\"\" srcset=\"https:\/\/turftank.com\/wp-content\/uploads\/2023\/08\/new-rlg-50x50.png 50w, https:\/\/turftank.com\/wp-content\/uploads\/2023\/08\/new-rlg-300x300.png 300w, https:\/\/turftank.com\/wp-content\/uploads\/2023\/08\/new-rlg-1024x1024.png 1024w, https:\/\/turftank.com\/wp-content\/uploads\/2023\/08\/new-rlg-150x150.png 150w, https:\/\/turftank.com\/wp-content\/uploads\/2023\/08\/new-rlg-200x200.png 200w, https:\/\/turftank.com\/wp-content\/uploads\/2023\/08\/new-rlg-100x100.png 100w, https:\/\/turftank.com\/wp-content\/uploads\/2023\/08\/new-rlg-600x600.png 600w, https:\/\/turftank.com\/wp-content\/uploads\/2023\/08\/new-rlg-700x700.png 700w, https:\/\/turftank.com\/wp-content\/uploads\/2023\/08\/new-rlg-800x800.png 800w, https:\/\/turftank.com\/wp-content\/uploads\/2023\/08\/new-rlg-900x900.png 900w, https:\/\/turftank.com\/wp-content\/uploads\/2023\/08\/new-rlg.png 1080w\" sizes=\"auto, (max-width: 50px) 100vw, 50px\" \/><\/div><\/div><div class=\"wpb_text_column\"><div class=\"wpb_wrapper\"><h5>Servicetekniker<\/h5>\n<\/div><\/div><div class=\"wpb_text_column\"><div class=\"wpb_wrapper\"><p>Sverige<br \/>\nKontraktsbasis<\/p>\n<\/div><\/div><div class=\"w-btn-wrapper align_none\"><a class=\"w-btn us-btn-style_3\" href=\"https:\/\/turftank.com\/se\/karriar\/field-operations-specialist\/\"><span class=\"w-btn-label\">Se jobbinl\u00e4gg<\/span><\/a><\/div><\/div><\/div><\/div><div class=\"wpb_column vc_column_container\"><div class=\"vc_column-inner\"><\/div><\/div><div class=\"wpb_column vc_column_container\"><div class=\"vc_column-inner\"><\/div><\/div><\/div><\/div><\/div><\/div><\/div><\/section><section class=\"l-section wpb_row us_custom_6c1ce31b height_medium width_full\"><div class=\"l-section-h i-cf\"><div class=\"g-cols via_grid cols_1 laptops-cols_inherit tablets-cols_inherit mobiles-cols_1 valign_middle type_default\"><div class=\"wpb_column vc_column_container\"><div class=\"vc_column-inner\"><div class=\"wpb_text_column us_custom_6df4bc3a has_text_color\"><div class=\"wpb_wrapper\"><h2 style=\"text-align: center;\">O\u00f6nskad ans\u00f6kan<\/h2>\n<\/div><\/div><div class=\"w-separator size_medium\"><\/div><div class=\"w-hwrapper align_center valign_middle\" style=\"--hwrapper-gap:3rem\"><div class=\"w-vwrapper us_custom_d8293ea0 align_center valign_middle\" style=\"--vwrapper-gap:0.1rem\"><div class=\"wpb_text_column us_custom_4127d55d\"><div class=\"wpb_wrapper\"><h6 style=\"text-align: center;\">Rest of World<\/h6>\n<\/div><\/div><div class=\"wpb_text_column us_custom_7d8731da\"><div class=\"wpb_wrapper\"><p style=\"text-align: center;\"><strong><a href=\"mailto:job.row@turftank.com\">job.row@turftank.com<\/a><\/strong><\/p>\n<\/div><\/div><\/div><div class=\"w-vwrapper us_custom_d8293ea0 align_center valign_middle\" style=\"--vwrapper-gap:0.1rem\"><div class=\"wpb_text_column us_custom_4127d55d\"><div class=\"wpb_wrapper\"><h6 style=\"text-align: center;\">US<\/h6>\n<\/div><\/div><div class=\"wpb_text_column us_custom_7d8731da\"><div class=\"wpb_wrapper\"><p style=\"text-align: center;\"><strong><a href=\"mailto:job@turftank.com\">jobs@turftank.com<\/a><\/strong><\/p>\n<\/div><\/div><\/div><\/div><\/div><\/div><\/div><\/div><\/section>\n","protected":false},"excerpt":{"rendered":"VI REVOLUTIONERAR SPORTBRANSCHEN Vill du vara med? D\u00c4R PASSIONEN F\u00d6R SPORT OCH ROBOTTEKNIK F\u00d6RENAS Vi hj\u00e4lper idrottsorganisationer och kommuner \u00f6ver hela v\u00e4rlden. Fr\u00e5n sm\u00e5 klubbar och skolor till elitidrottsorganisationer. Gemensamt f\u00f6r dem alla \u00e4r att efter att v\u00e5r teknik implementerats upplever de mindre slitage p\u00e5 de anst\u00e4llda, mindre f\u00f6rbrukning av f\u00e4rg och relaterade utgifter och...","protected":false},"author":14,"featured_media":20726,"parent":0,"menu_order":0,"comment_status":"closed","ping_status":"closed","template":"","meta":{"_acf_changed":false,"footnotes":""},"class_list":["post-24524","page","type-page","status-publish","has-post-thumbnail","hentry"],"acf":[],"yoast_head":"<!-- This site is optimized with the Yoast SEO plugin v27.4 - https:\/\/yoast.com\/product\/yoast-seo-wordpress\/ -->\n<title>Karri\u00e4r - Bli en del av v\u00e4rldens coolaste sportteknikf\u00f6retag<\/title>\n<meta name=\"robots\" content=\"index, follow, max-snippet:-1, max-image-preview:large, max-video-preview:-1\" \/>\n<link rel=\"canonical\" href=\"https:\/\/turftank.com\/se\/karriar\/\" \/>\n<meta property=\"og:locale\" content=\"en_US\" \/>\n<meta property=\"og:type\" content=\"article\" \/>\n<meta property=\"og:title\" content=\"Karri\u00e4r - Bli en del av v\u00e4rldens coolaste sportteknikf\u00f6retag\" \/>\n<meta property=\"og:url\" content=\"https:\/\/turftank.com\/se\/karriar\/\" \/>\n<meta property=\"og:site_name\" content=\"Turf Tank\" \/>\n<meta property=\"article:publisher\" content=\"https:\/\/www.facebook.com\/TurfTank\" \/>\n<meta property=\"article:modified_time\" content=\"2026-03-06T12:45:20+00:00\" \/>\n<meta property=\"og:image\" content=\"https:\/\/turftank.com\/wp-content\/uploads\/2022\/12\/turftank-headquarters-scaled.jpg\" \/>\n\t<meta property=\"og:image:width\" content=\"2560\" \/>\n\t<meta property=\"og:image:height\" content=\"1440\" \/>\n\t<meta property=\"og:image:type\" content=\"image\/jpeg\" \/>\n<meta name=\"twitter:card\" content=\"summary_large_image\" \/>\n<meta name=\"twitter:site\" content=\"@turf_tank\" \/>\n<meta name=\"twitter:label1\" content=\"Est. reading time\" \/>\n\t<meta name=\"twitter:data1\" content=\"1 minute\" \/>\n<script type=\"application\/ld+json\" class=\"yoast-schema-graph\">{\"@context\":\"https:\\\/\\\/schema.org\",\"@graph\":[{\"@type\":\"WebPage\",\"@id\":\"https:\\\/\\\/turftank.com\\\/se\\\/karriar\\\/\",\"url\":\"https:\\\/\\\/turftank.com\\\/se\\\/karriar\\\/\",\"name\":\"Karri\u00e4r - Bli en del av v\u00e4rldens coolaste sportteknikf\u00f6retag\",\"isPartOf\":{\"@id\":\"https:\\\/\\\/turftank.com\\\/us\\\/#website\"},\"primaryImageOfPage\":{\"@id\":\"https:\\\/\\\/turftank.com\\\/se\\\/karriar\\\/#primaryimage\"},\"image\":{\"@id\":\"https:\\\/\\\/turftank.com\\\/se\\\/karriar\\\/#primaryimage\"},\"thumbnailUrl\":\"https:\\\/\\\/turftank.com\\\/wp-content\\\/uploads\\\/2022\\\/12\\\/turftank-headquarters-scaled.jpg\",\"datePublished\":\"2020-06-22T10:06:41+00:00\",\"dateModified\":\"2026-03-06T12:45:20+00:00\",\"breadcrumb\":{\"@id\":\"https:\\\/\\\/turftank.com\\\/se\\\/karriar\\\/#breadcrumb\"},\"inLanguage\":\"se-SE\",\"potentialAction\":[{\"@type\":\"ReadAction\",\"target\":[\"https:\\\/\\\/turftank.com\\\/se\\\/karriar\\\/\"]}]},{\"@type\":\"ImageObject\",\"inLanguage\":\"se-SE\",\"@id\":\"https:\\\/\\\/turftank.com\\\/se\\\/karriar\\\/#primaryimage\",\"url\":\"https:\\\/\\\/turftank.com\\\/wp-content\\\/uploads\\\/2022\\\/12\\\/turftank-headquarters-scaled.jpg\",\"contentUrl\":\"https:\\\/\\\/turftank.com\\\/wp-content\\\/uploads\\\/2022\\\/12\\\/turftank-headquarters-scaled.jpg\",\"width\":2560,\"height\":1440,\"caption\":\"Picture of the Turf Tank headquarters based in Svenstrup, Denmark\"},{\"@type\":\"BreadcrumbList\",\"@id\":\"https:\\\/\\\/turftank.com\\\/se\\\/karriar\\\/#breadcrumb\",\"itemListElement\":[{\"@type\":\"ListItem\",\"position\":1,\"name\":\"Home\",\"item\":\"https:\\\/\\\/turftank.com\\\/se\\\/\"},{\"@type\":\"ListItem\",\"position\":2,\"name\":\"Karri\u00e4r\"}]},{\"@type\":\"WebSite\",\"@id\":\"https:\\\/\\\/turftank.com\\\/us\\\/#website\",\"url\":\"https:\\\/\\\/turftank.com\\\/us\\\/\",\"name\":\"Turf Tank\",\"description\":\"\",\"publisher\":{\"@id\":\"https:\\\/\\\/turftank.com\\\/us\\\/#organization\"},\"potentialAction\":[{\"@type\":\"SearchAction\",\"target\":{\"@type\":\"EntryPoint\",\"urlTemplate\":\"https:\\\/\\\/turftank.com\\\/us\\\/?s={search_term_string}\"},\"query-input\":{\"@type\":\"PropertyValueSpecification\",\"valueRequired\":true,\"valueName\":\"search_term_string\"}}],\"inLanguage\":\"se-SE\"},{\"@type\":\"Organization\",\"@id\":\"https:\\\/\\\/turftank.com\\\/us\\\/#organization\",\"name\":\"Turf Tank\",\"url\":\"https:\\\/\\\/turftank.com\\\/us\\\/\",\"logo\":{\"@type\":\"ImageObject\",\"inLanguage\":\"se-SE\",\"@id\":\"https:\\\/\\\/turftank.com\\\/us\\\/#\\\/schema\\\/logo\\\/image\\\/\",\"url\":\"https:\\\/\\\/turftank.com\\\/wp-content\\\/uploads\\\/2021\\\/11\\\/photo.png\",\"contentUrl\":\"https:\\\/\\\/turftank.com\\\/wp-content\\\/uploads\\\/2021\\\/11\\\/photo.png\",\"width\":44,\"height\":44,\"caption\":\"Turf Tank\"},\"image\":{\"@id\":\"https:\\\/\\\/turftank.com\\\/us\\\/#\\\/schema\\\/logo\\\/image\\\/\"},\"sameAs\":[\"https:\\\/\\\/www.facebook.com\\\/TurfTank\",\"https:\\\/\\\/x.com\\\/turf_tank\",\"https:\\\/\\\/www.instagram.com\\\/turftank\\\/\",\"https:\\\/\\\/dk.linkedin.com\\\/company\\\/turf-tank-eu\",\"https:\\\/\\\/www.youtube.com\\\/channel\\\/UCLAgkVAbFfq0FWBCwDL6Bjg\"]}]}<\/script>\n<!-- \/ Yoast SEO plugin. -->","yoast_head_json":{"title":"Karri\u00e4r - Bli en del av v\u00e4rldens coolaste sportteknikf\u00f6retag","robots":{"index":"index","follow":"follow","max-snippet":"max-snippet:-1","max-image-preview":"max-image-preview:large","max-video-preview":"max-video-preview:-1"},"canonical":"https:\/\/turftank.com\/se\/karriar\/","og_locale":"en_US","og_type":"article","og_title":"Karri\u00e4r - Bli en del av v\u00e4rldens coolaste sportteknikf\u00f6retag","og_url":"https:\/\/turftank.com\/se\/karriar\/","og_site_name":"Turf Tank","article_publisher":"https:\/\/www.facebook.com\/TurfTank","article_modified_time":"2026-03-06T12:45:20+00:00","og_image":[{"width":2560,"height":1440,"url":"https:\/\/turftank.com\/wp-content\/uploads\/2022\/12\/turftank-headquarters-scaled.jpg","type":"image\/jpeg"}],"twitter_card":"summary_large_image","twitter_site":"@turf_tank","twitter_misc":{"Est. reading time":"1 minute"},"schema":{"@context":"https:\/\/schema.org","@graph":[{"@type":"WebPage","@id":"https:\/\/turftank.com\/se\/karriar\/","url":"https:\/\/turftank.com\/se\/karriar\/","name":"Karri\u00e4r - Bli en del av v\u00e4rldens coolaste sportteknikf\u00f6retag","isPartOf":{"@id":"https:\/\/turftank.com\/us\/#website"},"primaryImageOfPage":{"@id":"https:\/\/turftank.com\/se\/karriar\/#primaryimage"},"image":{"@id":"https:\/\/turftank.com\/se\/karriar\/#primaryimage"},"thumbnailUrl":"https:\/\/turftank.com\/wp-content\/uploads\/2022\/12\/turftank-headquarters-scaled.jpg","datePublished":"2020-06-22T10:06:41+00:00","dateModified":"2026-03-06T12:45:20+00:00","breadcrumb":{"@id":"https:\/\/turftank.com\/se\/karriar\/#breadcrumb"},"inLanguage":"se-SE","potentialAction":[{"@type":"ReadAction","target":["https:\/\/turftank.com\/se\/karriar\/"]}]},{"@type":"ImageObject","inLanguage":"se-SE","@id":"https:\/\/turftank.com\/se\/karriar\/#primaryimage","url":"https:\/\/turftank.com\/wp-content\/uploads\/2022\/12\/turftank-headquarters-scaled.jpg","contentUrl":"https:\/\/turftank.com\/wp-content\/uploads\/2022\/12\/turftank-headquarters-scaled.jpg","width":2560,"height":1440,"caption":"Picture of the Turf Tank headquarters based in Svenstrup, Denmark"},{"@type":"BreadcrumbList","@id":"https:\/\/turftank.com\/se\/karriar\/#breadcrumb","itemListElement":[{"@type":"ListItem","position":1,"name":"Home","item":"https:\/\/turftank.com\/se\/"},{"@type":"ListItem","position":2,"name":"Karri\u00e4r"}]},{"@type":"WebSite","@id":"https:\/\/turftank.com\/us\/#website","url":"https:\/\/turftank.com\/us\/","name":"Turf Tank","description":"","publisher":{"@id":"https:\/\/turftank.com\/us\/#organization"},"potentialAction":[{"@type":"SearchAction","target":{"@type":"EntryPoint","urlTemplate":"https:\/\/turftank.com\/us\/?s={search_term_string}"},"query-input":{"@type":"PropertyValueSpecification","valueRequired":true,"valueName":"search_term_string"}}],"inLanguage":"se-SE"},{"@type":"Organization","@id":"https:\/\/turftank.com\/us\/#organization","name":"Turf Tank","url":"https:\/\/turftank.com\/us\/","logo":{"@type":"ImageObject","inLanguage":"se-SE","@id":"https:\/\/turftank.com\/us\/#\/schema\/logo\/image\/","url":"https:\/\/turftank.com\/wp-content\/uploads\/2021\/11\/photo.png","contentUrl":"https:\/\/turftank.com\/wp-content\/uploads\/2021\/11\/photo.png","width":44,"height":44,"caption":"Turf Tank"},"image":{"@id":"https:\/\/turftank.com\/us\/#\/schema\/logo\/image\/"},"sameAs":["https:\/\/www.facebook.com\/TurfTank","https:\/\/x.com\/turf_tank","https:\/\/www.instagram.com\/turftank\/","https:\/\/dk.linkedin.com\/company\/turf-tank-eu","https:\/\/www.youtube.com\/channel\/UCLAgkVAbFfq0FWBCwDL6Bjg"]}]}},"_links":{"self":[{"href":"https:\/\/turftank.com\/se\/wp-json\/wp\/v2\/pages\/24524","targetHints":{"allow":["GET"]}}],"collection":[{"href":"https:\/\/turftank.com\/se\/wp-json\/wp\/v2\/pages"}],"about":[{"href":"https:\/\/turftank.com\/se\/wp-json\/wp\/v2\/types\/page"}],"author":[{"embeddable":true,"href":"https:\/\/turftank.com\/se\/wp-json\/wp\/v2\/users\/14"}],"replies":[{"embeddable":true,"href":"https:\/\/turftank.com\/se\/wp-json\/wp\/v2\/comments?post=24524"}],"version-history":[{"count":0,"href":"https:\/\/turftank.com\/se\/wp-json\/wp\/v2\/pages\/24524\/revisions"}],"wp:featuredmedia":[{"embeddable":true,"href":"https:\/\/turftank.com\/se\/wp-json\/wp\/v2\/media\/20726"}],"wp:attachment":[{"href":"https:\/\/turftank.com\/se\/wp-json\/wp\/v2\/media?parent=24524"}],"curies":[{"name":"wp","href":"https:\/\/api.w.org\/{rel}","templated":true}]}}