{"id":31792,"date":"2026-01-02T13:54:45","date_gmt":"2026-01-02T12:54:45","guid":{"rendered":"https:\/\/turftank.com\/?page_id=31792"},"modified":"2026-03-10T14:06:58","modified_gmt":"2026-03-10T13:06:58","slug":"field-operations-specialist","status":"publish","type":"page","link":"https:\/\/turftank.com\/se\/karriar\/field-operations-specialist\/","title":{"rendered":"Servicetekniker &#8211; SE"},"content":{"rendered":"<section class=\"l-section wpb_row us_custom_880d3b9c height_medium width_full\"><div class=\"l-section-overlay\" style=\"background:rgba(0,0,0,0.70)\"><\/div><div class=\"l-section-h i-cf\"><div class=\"g-cols via_grid cols_1 laptops-cols_inherit tablets-cols_inherit mobiles-cols_1 valign_top type_default\"><div class=\"wpb_column vc_column_container\"><div class=\"vc_column-inner\"><div class=\"wpb_text_column us_custom_3ba3f6df has_text_color\"><div class=\"wpb_wrapper\"><h1 style=\"text-align: center;\">Servicetekniker<\/h1>\n<h5 style=\"text-align: center;\">Sverige<br \/>\nKontrakt &#8211; S\u00e5 snart som m\u00f6jligt<\/h5>\n<\/div><\/div><div class=\"w-btn-wrapper align_center\"><a class=\"w-btn us-btn-style_3\" href=\"#ansoeg\"><span class=\"w-btn-label\">S\u00f6k jobbet<\/span><\/a><\/div><\/div><\/div><\/div><\/div><\/section><section class=\"l-section wpb_row height_medium\"><div class=\"l-section-h i-cf\"><div class=\"g-cols via_grid cols_1 laptops-cols_inherit tablets-cols_inherit mobiles-cols_1 valign_top type_default\"><div class=\"wpb_column vc_column_container\"><div class=\"vc_column-inner\"><div class=\"wpb_text_column\"><div class=\"wpb_wrapper\"><p>Som Servicetekniker \u00e4r du en del av Turf Tanks Operations-avdelning och rapporterar till Field Operations Management. Du ansvarar f\u00f6r att leverera robotinstallationer av h\u00f6g kvalitet och ge support ute p\u00e5 plats, s\u00e5 att kunderna f\u00e5r r\u00e4tt f\u00f6ruts\u00e4ttningar f\u00f6r l\u00e5ngsiktig framg\u00e5ng.<\/p>\n<p>Rollen har fokus p\u00e5 precision, konsekvens och efterlevnad av Turf Tanks standarder, med l\u00f6pande st\u00f6d och uppf\u00f6ljning fr\u00e5n Field Operations Manager. Du s\u00e4kerst\u00e4ller framg\u00e5ngsrika robotinstallationer, en enhetlig kundupplevelse och p\u00e5litlig daglig operativ verksamhet i f\u00e4lt.<\/p>\n<p>Tj\u00e4nsten \u00e4r p\u00e5 <strong>kontraktsbasis<\/strong>, med m\u00f6jlighet att utvecklas till en deltids- eller heltidsanst\u00e4llning baserat p\u00e5 prestation och dokumenterad utveckling. Utv\u00e4rdering sker under Q3 2026.<\/p>\n<\/div><\/div><\/div><\/div><\/div><\/div><\/section><section class=\"l-section wpb_row us_custom_e950ae2e has_text_color height_medium\"><div class=\"l-section-h i-cf\"><div class=\"g-cols via_grid cols_1 laptops-cols_inherit tablets-cols_inherit mobiles-cols_1 valign_top type_default\"><div class=\"wpb_column vc_column_container\"><div class=\"vc_column-inner\"><div class=\"g-cols wpb_row via_grid cols_1 laptops-cols_inherit tablets-cols_inherit mobiles-cols_1 valign_top type_default\"><div class=\"wpb_column vc_column_container\"><div class=\"vc_column-inner\"><div class=\"wpb_text_column\"><div class=\"wpb_wrapper\"><h3 style=\"color: #5bc551;\">Om Turf Tank<\/h3>\n<p>Turf Tank grundades med ett enkelt uppdrag: att g\u00f6ra vardagen enklare f\u00f6r anl\u00e4ggningsansvariga. Linjemarkering av idrottsplaner var tidigare en tidskr\u00e4vande och ofta \u00f6verv\u00e4ldigande uppgift som tog m\u00e5nga timmar med uppm\u00e4tning, sn\u00f6rdragning och m\u00e5lning, ofta med oj\u00e4mna resultat.<\/p>\n<p>D\u00e4rf\u00f6r utvecklade Turf Tank en autonom robot f\u00f6r linjemarkering som levererar exakta linjer varje g\u00e5ng och frig\u00f6r v\u00e4rdefull tid f\u00f6r vaktm\u00e4stare och anl\u00e4ggningsansvariga att l\u00e4gga p\u00e5 andra uppgifter.<\/p>\n<p>Idag \u00e4r Turf Tank v\u00e4rldsledande inom autonom linjemarkering och anv\u00e4nds av \u00f6ver 6 000 organisationer globalt. Med mer \u00e4n 200 anst\u00e4llda forts\u00e4tter Turf Tank att g\u00f6ra avancerad teknik tillg\u00e4nglig genom flexibla abonnemangsl\u00f6sningar, f\u00f6r lokala idrottsf\u00f6reningar, professionella klubbar och kommuner.<\/p>\n<\/div><\/div><\/div><\/div><\/div><\/div><\/div><\/div><\/div><\/section><section class=\"l-section wpb_row height_medium\"><div class=\"l-section-h i-cf\"><div class=\"g-cols via_grid cols_1 laptops-cols_inherit tablets-cols_inherit mobiles-cols_1 valign_top type_default\"><div class=\"wpb_column vc_column_container\"><div class=\"vc_column-inner\"><div class=\"g-cols wpb_row via_grid cols_2 laptops-cols_inherit tablets-cols_inherit mobiles-cols_1 valign_top type_default\"><div class=\"wpb_column vc_column_container\"><div class=\"vc_column-inner\"><div class=\"wpb_text_column\"><div class=\"wpb_wrapper\"><h3>Rollen<\/h3>\n<p>Som Servicetekniker kommer du att arbeta med f\u00f6ljande:<\/p>\n<ul>\n<li><strong>Onboarding av nya kunder<\/strong>\n<ul>\n<li>Ansvara f\u00f6r robotinstallationer p\u00e5 plats och anv\u00e4ndarutbildning enligt Turf Tanks standardiserade processer<\/li>\n<li>S\u00e4kerst\u00e4lla att varje onboarding uppfyller kvalitetskrav f\u00f6r installation, utbildning och kundens beredskap<\/li>\n<li>Leverera tydlig utbildning och st\u00f6dmaterial f\u00f6r att bygga anv\u00e4ndarnas trygghet<\/li>\n<\/ul>\n<\/li>\n<li><strong>Omr\u00e5desunderh\u00e5ll<\/strong>\n<ul>\n<li style=\"font-weight: 400;\" aria-level=\"1\">Utf\u00f6ra serviceuppdrag p\u00e5 plats, inklusive onboarding och reparationer, samt uppf\u00f6ljande bes\u00f6k enligt tilldelning fr\u00e5n Field Operations Manager<\/li>\n<li style=\"font-weight: 400;\" aria-level=\"1\">Ge snabb teknisk fels\u00f6kning i f\u00e4lt och eskalera mer komplexa \u00e4renden via Field Operations Manager eller supportteamet<\/li>\n<li style=\"font-weight: 400;\" aria-level=\"1\">Dokumentera utf\u00f6rt arbete och dela feedback med Field Operations Manager f\u00f6r kontinuerlig f\u00f6rb\u00e4ttring<\/li>\n<\/ul>\n<\/li>\n<li><strong>Kundsupport<\/strong>\n<ul>\n<li>Vara beredd att besvara inkommande f\u00f6rfr\u00e5gningar och vid behov vidarebefordra dem till den centrala supportlinjen<\/li>\n<\/ul>\n<\/li>\n<\/ul>\n<\/div><\/div><\/div><\/div><div class=\"wpb_column vc_column_container\"><div class=\"vc_column-inner\"><div class=\"wpb_text_column\"><div class=\"wpb_wrapper\"><h3>Vi s\u00f6ker dig som har<\/h3>\n<ul>\n<li style=\"font-weight: 400;\" aria-level=\"1\">Erfarenhet av teknisk f\u00e4ltservice, installation eller utbildning<\/li>\n<li style=\"font-weight: 400;\" aria-level=\"1\">Starka kommunikations- och pedagogiska f\u00e4rdigheter<\/li>\n<li style=\"font-weight: 400;\" aria-level=\"1\">Teknisk f\u00f6rst\u00e5else f\u00f6r robotik, mjukvara och probleml\u00f6sning<\/li>\n<li style=\"font-weight: 400;\" aria-level=\"1\">Ett kundfokuserat men processdrivet arbetss\u00e4tt med fokus p\u00e5 kvalitet och konsekvens i onboarding<\/li>\n<li style=\"font-weight: 400;\" aria-level=\"1\">Vilja att genomf\u00f6ra heldagsuppdrag<\/li>\n<\/ul>\n<\/div><\/div><div class=\"wpb_text_column\"><div class=\"wpb_wrapper\"><h3>Som Servicetekniker ska du kunna<\/h3>\n<ul>\n<li style=\"font-weight: 400;\" aria-level=\"1\"><span style=\"font-weight: 400;\">Leverera tydlig och strukturerad utbildning till kunder p\u00e5 ett professionellt s\u00e4tt<\/span><\/li>\n<li style=\"font-weight: 400;\" aria-level=\"1\">Anv\u00e4nda en flexibel kommunikationsstil f\u00f6r att s\u00e4kerst\u00e4lla effektiv och anpassad kundutbildning<\/li>\n<li style=\"font-weight: 400;\" aria-level=\"1\">F\u00f6lja standardiserade processer och s\u00e4kerst\u00e4lla konsekvens mellan installationer<\/li>\n<li style=\"font-weight: 400;\" aria-level=\"1\">Fels\u00f6ka tekniska problem enligt Turf Tanks best practices<\/li>\n<li style=\"font-weight: 400;\" aria-level=\"1\">Arbeta sj\u00e4lvst\u00e4ndigt i f\u00e4lt med god struktur, fokus och snabb uppf\u00f6ljning<\/li>\n<\/ul>\n<\/div><\/div><\/div><\/div><\/div><div class=\"w-separator size_medium\"><\/div><div class=\"g-cols wpb_row us_custom_8e7cb3fe has_text_color via_grid cols_2 laptops-cols_inherit tablets-cols_inherit mobiles-cols_1 valign_top type_default\"><div class=\"wpb_column vc_column_container\"><div class=\"vc_column-inner\"><div class=\"wpb_text_column\"><div class=\"wpb_wrapper\"><h3>Ers\u00e4ttning<\/h3>\n<ul>\n<li style=\"font-weight: 400;\" aria-level=\"1\">Fast ers\u00e4ttning per utf\u00f6rt uppdrag, onboarding och servicebes\u00f6k<\/li>\n<li style=\"font-weight: 400;\" aria-level=\"1\">Hotell och \u00f6vriga utl\u00e4gg ers\u00e4tts av f\u00f6retaget vid uppdrag<\/li>\n<li style=\"font-weight: 400;\" aria-level=\"1\">Uppdrag som kr\u00e4ver mer \u00e4n 100 km resv\u00e4g kompenseras<\/li>\n<li style=\"font-weight: 400;\" aria-level=\"1\">F\u00f6rv\u00e4ntat minimum \u00e4r 25 uppdrag under 2026<\/li>\n<\/ul>\n<\/div><\/div><div class=\"wpb_text_column\"><div class=\"wpb_wrapper\"><h3>Krav<\/h3>\n<ul>\n<li style=\"font-weight: 400;\" aria-level=\"1\">\u00d6vernattning kr\u00e4vs upp till 80 procent av tiden<\/li>\n<li style=\"font-weight: 400;\" aria-level=\"1\">Resor dagtid kr\u00e4vs upp till 90 procent av tiden<\/li>\n<li style=\"font-weight: 400;\" aria-level=\"1\">Arbetet utf\u00f6rs p\u00e5 distans<\/li>\n<li style=\"font-weight: 400;\" aria-level=\"1\">Giltigt k\u00f6rkort med prickfri k\u00f6rhistorik<\/li>\n<li style=\"font-weight: 400;\" aria-level=\"1\">Villighet att vid behov genomg\u00e5 bakgrundskontroll<\/li>\n<li style=\"font-weight: 400;\" aria-level=\"1\">Villighet att vid behov uppvisa ett negativt drogtest<\/li>\n<li style=\"font-weight: 400;\" aria-level=\"1\">Uppfylla kraven f\u00f6r Turf Tanks f\u00f6rs\u00e4kring<\/li>\n<\/ul>\n<\/div><\/div><\/div><\/div><div class=\"wpb_column vc_column_container\"><div class=\"vc_column-inner\"><div class=\"wpb_text_column\"><div class=\"wpb_wrapper\"><h3>Fysiska krav<\/h3>\n<ul>\n<li style=\"font-weight: 400;\" aria-level=\"1\">Kunna lyfta upp till 23 kg<\/li>\n<li style=\"font-weight: 400;\" aria-level=\"1\">Arbeta st\u00e5ende, fram\u00e5tb\u00f6jd eller p\u00e5 huk<\/li>\n<li style=\"font-weight: 400;\" aria-level=\"1\">Arbeta \u00f6ver axelh\u00f6jd och under kn\u00e4h\u00f6jd<\/li>\n<li style=\"font-weight: 400;\" aria-level=\"1\">Kunna sitta eller st\u00e5 under l\u00e4ngre perioder, upp till 8+ timmar<\/li>\n<\/ul>\n<\/div><\/div><div class=\"wpb_text_column\"><div class=\"wpb_wrapper\"><h3>Utrustning<\/h3>\n<ul>\n<li style=\"font-weight: 400;\" aria-level=\"1\">F\u00f6retaget tillhandah\u00e5ller all n\u00f6dv\u00e4ndig utrustning f\u00f6r att utf\u00f6ra de tilldelade arbetsuppgifterna<\/li>\n<\/ul>\n<\/div><\/div><\/div><\/div><\/div><div class=\"w-separator size_medium\"><\/div><div class=\"g-cols wpb_row via_grid cols_1 laptops-cols_inherit tablets-cols_inherit mobiles-cols_1 valign_top type_default\" id=\"ansoeg\"><div class=\"wpb_column vc_column_container\"><div class=\"vc_column-inner\"><div class=\"wpb_text_column\"><div class=\"wpb_wrapper\"><h2 style=\"text-align: center;\">S\u00e5 ans\u00f6ker du<\/h2>\n<p style=\"text-align: center;\"><span style=\"font-weight: 400;\">Skicka ditt CV och ett kort personligt brev till: <\/span><a href=\"mailto:job.row@turftank.com\"><b>job.row@turftank.com<\/b><\/a><\/p>\n<\/div><\/div><\/div><\/div><\/div><\/div><\/div><\/div><\/div><\/section><section class=\"l-section wpb_row us_custom_8535c5f4 height_medium\"><div class=\"l-section-h i-cf\"><div class=\"g-cols via_grid cols_1 laptops-cols_inherit tablets-cols_inherit mobiles-cols_1 valign_top type_default\"><div class=\"wpb_column vc_column_container\"><div class=\"vc_column-inner\"><div class=\"w-btn-wrapper align_center\"><a class=\"w-btn us-btn-style_6 us_custom_8535c5f4 icon_atleft\" title=\"Alle jobs\" href=\"https:\/\/turftank.com\/se\/karriar\/\"><i class=\"fas fa-border-all\"><\/i><span class=\"w-btn-label\">SE ALLA LEDIGA JOBB<\/span><\/a><\/div><div class=\"w-separator size_medium\"><\/div><\/div><\/div><\/div><\/div><\/section>\n","protected":false},"excerpt":{"rendered":"Servicetekniker Sverige Kontrakt &#8211; S\u00e5 snart som m\u00f6jligt S\u00f6k jobbetSom Servicetekniker \u00e4r du en del av Turf Tanks Operations-avdelning och rapporterar till Field Operations Management. Du ansvarar f\u00f6r att leverera robotinstallationer av h\u00f6g kvalitet och ge support ute p\u00e5 plats, s\u00e5 att kunderna f\u00e5r r\u00e4tt f\u00f6ruts\u00e4ttningar f\u00f6r l\u00e5ngsiktig framg\u00e5ng. Rollen har fokus p\u00e5 precision, konsekvens...","protected":false},"author":14,"featured_media":31019,"parent":24524,"menu_order":0,"comment_status":"closed","ping_status":"closed","template":"","meta":{"_acf_changed":false,"footnotes":""},"class_list":["post-31792","page","type-page","status-publish","has-post-thumbnail","hentry"],"acf":[],"yoast_head":"<!-- This site is optimized with the Yoast SEO plugin v27.4 - https:\/\/yoast.com\/product\/yoast-seo-wordpress\/ -->\n<title>Servicetekniker - Turf Tank<\/title>\n<meta name=\"robots\" content=\"index, follow, max-snippet:-1, max-image-preview:large, max-video-preview:-1\" \/>\n<link rel=\"canonical\" href=\"https:\/\/turftank.com\/se\/karriar\/field-operations-specialist\/\" \/>\n<meta property=\"og:locale\" content=\"en_US\" \/>\n<meta property=\"og:type\" content=\"article\" \/>\n<meta property=\"og:title\" content=\"Servicetekniker - Turf Tank\" \/>\n<meta property=\"og:url\" content=\"https:\/\/turftank.com\/se\/karriar\/field-operations-specialist\/\" \/>\n<meta property=\"og:site_name\" content=\"Turf Tank\" \/>\n<meta property=\"article:publisher\" content=\"https:\/\/www.facebook.com\/TurfTank\" \/>\n<meta property=\"article:modified_time\" content=\"2026-03-10T13:06:58+00:00\" \/>\n<meta property=\"og:image\" content=\"https:\/\/turftank.com\/wp-content\/uploads\/2025\/08\/Turf-Tank-DK-HQ-Web.jpg\" \/>\n\t<meta property=\"og:image:width\" content=\"1700\" \/>\n\t<meta property=\"og:image:height\" content=\"956\" \/>\n\t<meta property=\"og:image:type\" content=\"image\/jpeg\" \/>\n<meta name=\"twitter:card\" content=\"summary_large_image\" \/>\n<meta name=\"twitter:site\" content=\"@turf_tank\" \/>\n<meta name=\"twitter:label1\" content=\"Est. reading time\" \/>\n\t<meta name=\"twitter:data1\" content=\"5 minutes\" \/>\n<script type=\"application\/ld+json\" class=\"yoast-schema-graph\">{\"@context\":\"https:\\\/\\\/schema.org\",\"@graph\":[{\"@type\":\"WebPage\",\"@id\":\"https:\\\/\\\/turftank.com\\\/se\\\/karriar\\\/field-operations-specialist\\\/\",\"url\":\"https:\\\/\\\/turftank.com\\\/se\\\/karriar\\\/field-operations-specialist\\\/\",\"name\":\"Servicetekniker - Turf Tank\",\"isPartOf\":{\"@id\":\"https:\\\/\\\/turftank.com\\\/us\\\/#website\"},\"primaryImageOfPage\":{\"@id\":\"https:\\\/\\\/turftank.com\\\/se\\\/karriar\\\/field-operations-specialist\\\/#primaryimage\"},\"image\":{\"@id\":\"https:\\\/\\\/turftank.com\\\/se\\\/karriar\\\/field-operations-specialist\\\/#primaryimage\"},\"thumbnailUrl\":\"https:\\\/\\\/turftank.com\\\/wp-content\\\/uploads\\\/2025\\\/08\\\/Turf-Tank-DK-HQ-Web.jpg\",\"datePublished\":\"2026-01-02T12:54:45+00:00\",\"dateModified\":\"2026-03-10T13:06:58+00:00\",\"breadcrumb\":{\"@id\":\"https:\\\/\\\/turftank.com\\\/se\\\/karriar\\\/field-operations-specialist\\\/#breadcrumb\"},\"inLanguage\":\"se-SE\",\"potentialAction\":[{\"@type\":\"ReadAction\",\"target\":[\"https:\\\/\\\/turftank.com\\\/se\\\/karriar\\\/field-operations-specialist\\\/\"]}]},{\"@type\":\"ImageObject\",\"inLanguage\":\"se-SE\",\"@id\":\"https:\\\/\\\/turftank.com\\\/se\\\/karriar\\\/field-operations-specialist\\\/#primaryimage\",\"url\":\"https:\\\/\\\/turftank.com\\\/wp-content\\\/uploads\\\/2025\\\/08\\\/Turf-Tank-DK-HQ-Web.jpg\",\"contentUrl\":\"https:\\\/\\\/turftank.com\\\/wp-content\\\/uploads\\\/2025\\\/08\\\/Turf-Tank-DK-HQ-Web.jpg\",\"width\":1700,\"height\":956},{\"@type\":\"BreadcrumbList\",\"@id\":\"https:\\\/\\\/turftank.com\\\/se\\\/karriar\\\/field-operations-specialist\\\/#breadcrumb\",\"itemListElement\":[{\"@type\":\"ListItem\",\"position\":1,\"name\":\"Home\",\"item\":\"https:\\\/\\\/turftank.com\\\/se\\\/\"},{\"@type\":\"ListItem\",\"position\":2,\"name\":\"Karri\u00e4r\",\"item\":\"https:\\\/\\\/turftank.com\\\/se\\\/karriar\\\/\"},{\"@type\":\"ListItem\",\"position\":3,\"name\":\"Servicetekniker &#8211; SE\"}]},{\"@type\":\"WebSite\",\"@id\":\"https:\\\/\\\/turftank.com\\\/us\\\/#website\",\"url\":\"https:\\\/\\\/turftank.com\\\/us\\\/\",\"name\":\"Turf Tank\",\"description\":\"\",\"publisher\":{\"@id\":\"https:\\\/\\\/turftank.com\\\/us\\\/#organization\"},\"potentialAction\":[{\"@type\":\"SearchAction\",\"target\":{\"@type\":\"EntryPoint\",\"urlTemplate\":\"https:\\\/\\\/turftank.com\\\/us\\\/?s={search_term_string}\"},\"query-input\":{\"@type\":\"PropertyValueSpecification\",\"valueRequired\":true,\"valueName\":\"search_term_string\"}}],\"inLanguage\":\"se-SE\"},{\"@type\":\"Organization\",\"@id\":\"https:\\\/\\\/turftank.com\\\/us\\\/#organization\",\"name\":\"Turf Tank\",\"url\":\"https:\\\/\\\/turftank.com\\\/us\\\/\",\"logo\":{\"@type\":\"ImageObject\",\"inLanguage\":\"se-SE\",\"@id\":\"https:\\\/\\\/turftank.com\\\/us\\\/#\\\/schema\\\/logo\\\/image\\\/\",\"url\":\"https:\\\/\\\/turftank.com\\\/wp-content\\\/uploads\\\/2021\\\/11\\\/photo.png\",\"contentUrl\":\"https:\\\/\\\/turftank.com\\\/wp-content\\\/uploads\\\/2021\\\/11\\\/photo.png\",\"width\":44,\"height\":44,\"caption\":\"Turf Tank\"},\"image\":{\"@id\":\"https:\\\/\\\/turftank.com\\\/us\\\/#\\\/schema\\\/logo\\\/image\\\/\"},\"sameAs\":[\"https:\\\/\\\/www.facebook.com\\\/TurfTank\",\"https:\\\/\\\/x.com\\\/turf_tank\",\"https:\\\/\\\/www.instagram.com\\\/turftank\\\/\",\"https:\\\/\\\/dk.linkedin.com\\\/company\\\/turf-tank-eu\",\"https:\\\/\\\/www.youtube.com\\\/channel\\\/UCLAgkVAbFfq0FWBCwDL6Bjg\"]}]}<\/script>\n<!-- \/ Yoast SEO plugin. -->","yoast_head_json":{"title":"Servicetekniker - Turf Tank","robots":{"index":"index","follow":"follow","max-snippet":"max-snippet:-1","max-image-preview":"max-image-preview:large","max-video-preview":"max-video-preview:-1"},"canonical":"https:\/\/turftank.com\/se\/karriar\/field-operations-specialist\/","og_locale":"en_US","og_type":"article","og_title":"Servicetekniker - Turf Tank","og_url":"https:\/\/turftank.com\/se\/karriar\/field-operations-specialist\/","og_site_name":"Turf Tank","article_publisher":"https:\/\/www.facebook.com\/TurfTank","article_modified_time":"2026-03-10T13:06:58+00:00","og_image":[{"width":1700,"height":956,"url":"https:\/\/turftank.com\/wp-content\/uploads\/2025\/08\/Turf-Tank-DK-HQ-Web.jpg","type":"image\/jpeg"}],"twitter_card":"summary_large_image","twitter_site":"@turf_tank","twitter_misc":{"Est. reading time":"5 minutes"},"schema":{"@context":"https:\/\/schema.org","@graph":[{"@type":"WebPage","@id":"https:\/\/turftank.com\/se\/karriar\/field-operations-specialist\/","url":"https:\/\/turftank.com\/se\/karriar\/field-operations-specialist\/","name":"Servicetekniker - Turf Tank","isPartOf":{"@id":"https:\/\/turftank.com\/us\/#website"},"primaryImageOfPage":{"@id":"https:\/\/turftank.com\/se\/karriar\/field-operations-specialist\/#primaryimage"},"image":{"@id":"https:\/\/turftank.com\/se\/karriar\/field-operations-specialist\/#primaryimage"},"thumbnailUrl":"https:\/\/turftank.com\/wp-content\/uploads\/2025\/08\/Turf-Tank-DK-HQ-Web.jpg","datePublished":"2026-01-02T12:54:45+00:00","dateModified":"2026-03-10T13:06:58+00:00","breadcrumb":{"@id":"https:\/\/turftank.com\/se\/karriar\/field-operations-specialist\/#breadcrumb"},"inLanguage":"se-SE","potentialAction":[{"@type":"ReadAction","target":["https:\/\/turftank.com\/se\/karriar\/field-operations-specialist\/"]}]},{"@type":"ImageObject","inLanguage":"se-SE","@id":"https:\/\/turftank.com\/se\/karriar\/field-operations-specialist\/#primaryimage","url":"https:\/\/turftank.com\/wp-content\/uploads\/2025\/08\/Turf-Tank-DK-HQ-Web.jpg","contentUrl":"https:\/\/turftank.com\/wp-content\/uploads\/2025\/08\/Turf-Tank-DK-HQ-Web.jpg","width":1700,"height":956},{"@type":"BreadcrumbList","@id":"https:\/\/turftank.com\/se\/karriar\/field-operations-specialist\/#breadcrumb","itemListElement":[{"@type":"ListItem","position":1,"name":"Home","item":"https:\/\/turftank.com\/se\/"},{"@type":"ListItem","position":2,"name":"Karri\u00e4r","item":"https:\/\/turftank.com\/se\/karriar\/"},{"@type":"ListItem","position":3,"name":"Servicetekniker &#8211; SE"}]},{"@type":"WebSite","@id":"https:\/\/turftank.com\/us\/#website","url":"https:\/\/turftank.com\/us\/","name":"Turf Tank","description":"","publisher":{"@id":"https:\/\/turftank.com\/us\/#organization"},"potentialAction":[{"@type":"SearchAction","target":{"@type":"EntryPoint","urlTemplate":"https:\/\/turftank.com\/us\/?s={search_term_string}"},"query-input":{"@type":"PropertyValueSpecification","valueRequired":true,"valueName":"search_term_string"}}],"inLanguage":"se-SE"},{"@type":"Organization","@id":"https:\/\/turftank.com\/us\/#organization","name":"Turf Tank","url":"https:\/\/turftank.com\/us\/","logo":{"@type":"ImageObject","inLanguage":"se-SE","@id":"https:\/\/turftank.com\/us\/#\/schema\/logo\/image\/","url":"https:\/\/turftank.com\/wp-content\/uploads\/2021\/11\/photo.png","contentUrl":"https:\/\/turftank.com\/wp-content\/uploads\/2021\/11\/photo.png","width":44,"height":44,"caption":"Turf Tank"},"image":{"@id":"https:\/\/turftank.com\/us\/#\/schema\/logo\/image\/"},"sameAs":["https:\/\/www.facebook.com\/TurfTank","https:\/\/x.com\/turf_tank","https:\/\/www.instagram.com\/turftank\/","https:\/\/dk.linkedin.com\/company\/turf-tank-eu","https:\/\/www.youtube.com\/channel\/UCLAgkVAbFfq0FWBCwDL6Bjg"]}]}},"_links":{"self":[{"href":"https:\/\/turftank.com\/se\/wp-json\/wp\/v2\/pages\/31792","targetHints":{"allow":["GET"]}}],"collection":[{"href":"https:\/\/turftank.com\/se\/wp-json\/wp\/v2\/pages"}],"about":[{"href":"https:\/\/turftank.com\/se\/wp-json\/wp\/v2\/types\/page"}],"author":[{"embeddable":true,"href":"https:\/\/turftank.com\/se\/wp-json\/wp\/v2\/users\/14"}],"replies":[{"embeddable":true,"href":"https:\/\/turftank.com\/se\/wp-json\/wp\/v2\/comments?post=31792"}],"version-history":[{"count":0,"href":"https:\/\/turftank.com\/se\/wp-json\/wp\/v2\/pages\/31792\/revisions"}],"up":[{"embeddable":true,"href":"https:\/\/turftank.com\/se\/wp-json\/wp\/v2\/pages\/24524"}],"wp:featuredmedia":[{"embeddable":true,"href":"https:\/\/turftank.com\/se\/wp-json\/wp\/v2\/media\/31019"}],"wp:attachment":[{"href":"https:\/\/turftank.com\/se\/wp-json\/wp\/v2\/media?parent=31792"}],"curies":[{"name":"wp","href":"https:\/\/api.w.org\/{rel}","templated":true}]}}